{"id":172,"date":"2013-03-24T08:09:22","date_gmt":"2013-03-24T07:09:22","guid":{"rendered":"http:\/\/wp.newvibes.ch\/solupro\/?page_id=172"},"modified":"2013-04-23T18:48:51","modified_gmt":"2013-04-23T17:48:51","slug":"uber-solupro","status":"publish","type":"page","link":"https:\/\/www.solupro.ch\/de\/uber-solupro\/","title":{"rendered":"\u00dcber Solupro"},"content":{"rendered":"<p>Solupro ist ein Beratungsunternehmen, welches Kunden in M\u00e4rkten und Produktion ber\u00e4t. Dabei stehen die langj\u00e4hrige Praxiserfahrung und das fundierte Wissen in den Bereichen Maschinen-, Anlagen-, Apparate- und Werkzeugbau im Zentrum.<\/p>\n<p>Kunden gewinnen durch diese externen Inputs neue Perspektiven f\u00fcr das eigene Gesch\u00e4ft und k\u00f6nnen Herausforderungen nachhaltiger und profitabler adressieren.<\/p>\n<p>In einer vernetzten und globalen Wirtschaft unterst\u00fctzt Solupro die Gesch\u00e4ftsoptimierung seiner Kunden durch multikulturelle und langj\u00e4hrige Praxiserfahrung. Mit Kenntnissen aus verschiedenen Branchen und L\u00e4ndern generieren wir gemeinsam mit unseren Kunden einen nachhaltigen Mehrwert f\u00fcr ihre Unternehmen.<\/p>\n","protected":false},"excerpt":{"rendered":"<p>Solupro ist ein Beratungsunternehmen, welches Kunden in M\u00e4rkten und Produktion ber\u00e4t. Dabei stehen die langj\u00e4hrige Praxiserfahrung und das fundierte Wissen in den Bereichen Maschinen-, Anlagen-, Apparate- und Werkzeugbau im Zentrum. Kunden gewinnen durch diese externen Inputs neue Perspektiven f\u00fcr das eigene Gesch\u00e4ft und k\u00f6nnen Herausforderungen nachhaltiger und profitabler adressieren. In einer vernetzten und globalen Wirtschaft &#8230; <a title=\"\u00dcber Solupro\" class=\"read-more\" href=\"https:\/\/www.solupro.ch\/de\/uber-solupro\/\" aria-label=\"Mehr Informationen \u00fcber \u00dcber Solupro\">Weiterlesen<\/a><\/p>\n","protected":false},"author":3,"featured_media":0,"parent":0,"menu_order":0,"comment_status":"closed","ping_status":"closed","template":"","meta":{"_locale":"de_DE","_original_post":"170","footnotes":""},"class_list":{"0":"post-172","1":"page","2":"type-page","3":"status-publish","5":"de-DE"},"_links":{"self":[{"href":"https:\/\/www.solupro.ch\/wp-json\/wp\/v2\/pages\/172","targetHints":{"allow":["GET"]}}],"collection":[{"href":"https:\/\/www.solupro.ch\/wp-json\/wp\/v2\/pages"}],"about":[{"href":"https:\/\/www.solupro.ch\/wp-json\/wp\/v2\/types\/page"}],"author":[{"embeddable":true,"href":"https:\/\/www.solupro.ch\/wp-json\/wp\/v2\/users\/3"}],"replies":[{"embeddable":true,"href":"https:\/\/www.solupro.ch\/wp-json\/wp\/v2\/comments?post=172"}],"version-history":[{"count":8,"href":"https:\/\/www.solupro.ch\/wp-json\/wp\/v2\/pages\/172\/revisions"}],"predecessor-version":[{"id":643,"href":"https:\/\/www.solupro.ch\/wp-json\/wp\/v2\/pages\/172\/revisions\/643"}],"wp:attachment":[{"href":"https:\/\/www.solupro.ch\/wp-json\/wp\/v2\/media?parent=172"}],"curies":[{"name":"wp","href":"https:\/\/api.w.org\/{rel}","templated":true}]}}