{"id":276,"date":"2013-03-30T22:13:33","date_gmt":"2013-03-30T21:13:33","guid":{"rendered":"http:\/\/wp.newvibes.ch\/solupro\/?page_id=276"},"modified":"2019-03-04T20:53:26","modified_gmt":"2019-03-04T19:53:26","slug":"geschaftsprozesse","status":"publish","type":"page","link":"https:\/\/www.solupro.ch\/de\/dienstleistungen\/geschaftsprozesse\/","title":{"rendered":"Gesch\u00e4ftsprozesse"},"content":{"rendered":"<p>Stringente, kontrollierte und messbare Gesch\u00e4ftsprozesse sind ein fundamentales Element f\u00fcr organisatorischen Erfolg. Zus\u00e4tzlich dazu k\u00f6nnen Prozesse, welche an Best Practices aus der Industrie angelehnt sind Vorteile im Markt mit sich bringen. Prozesse zu verstehen, deren Abl\u00e4ufe sowie das Management von Prozessen k\u00f6nnen in der heutigen Gesch\u00e4ftswelt rasch zu einer grossen Herausforderung werden.<\/p>\n<p>Solupro unterst\u00fctzt Kunden im Design, der Optimierung, der Strukturierung und der Messung von KPIs solcher kritischer Gesch\u00e4ftsprozesse. Das Resultat sind planbare und gesicherte Abl\u00e4ufe mit einer klaren Erfolgsmessung. Theoretisches Verst\u00e4ndnis und praktive Industrieerfahrung bilden daher die Erfolgsfaktoren f\u00fcr den Ansatz von Solupro.<\/p>\n\n<!-- Page-list plugin v.5.9 wordpress.org\/plugins\/page-list\/ -->\n<div class=\"page-list page-list-ext \">\n<div class=\"page-list-ext-item\"><h3 class=\"page-list-ext-title\"><a href=\"https:\/\/www.solupro.ch\/de\/dienstleistungen\/geschaftsprozesse\/rechnungswese\/\" title=\"Rechnungswesen\">Rechnungswesen<\/a><\/h3><div class=\"page-list-ext-item-content\">Um den langfristigen Unternehmenserfolg sicherzustellen sind effiziente und effektive Prozesse ein wesentlicher Bestandteil. Oftmals wird das betriebliche Rechnungswesen stiefm\u00fctterlich behandelt, dies obwohl es genau die Kennzahlen liefern kann, welche die F\u00fchrungskr\u00e4fte im Unternehmen ben\u00f6tigen um ...<\/div><\/div>\n<div class=\"page-list-ext-item\"><h3 class=\"page-list-ext-title\"><a href=\"https:\/\/www.solupro.ch\/de\/dienstleistungen\/supply-chain-management\/\" title=\"Supply Chain Management\">Supply Chain Management<\/a><\/h3><div class=\"page-list-ext-item-content\">Aktives Supply Chain Management kann oft eine der letzten M\u00f6glichkeiten sein, betr\u00e4chtliches Wachstum f\u00fcr eine Firma zu generieren und zur Flexibilisierung der Fixkosten zu f\u00fchren. Schlanke und effektive supply chains sind selten und daher ein Ziel f\u00fcr Optimierungen.\n\nSolupro unterst\u00fctzt Unternehmungen beim ...<\/div><\/div>\n\n<\/div>\n","protected":false},"excerpt":{"rendered":"<p>Stringente, kontrollierte und messbare Gesch\u00e4ftsprozesse sind ein fundamentales Element f\u00fcr organisatorischen Erfolg. Zus\u00e4tzlich dazu k\u00f6nnen Prozesse, welche an Best Practices aus der Industrie angelehnt sind Vorteile im Markt mit sich bringen. Prozesse zu verstehen, deren Abl\u00e4ufe sowie das Management von Prozessen k\u00f6nnen in der heutigen Gesch\u00e4ftswelt rasch zu einer grossen Herausforderung werden. Solupro unterst\u00fctzt Kunden &#8230; <a title=\"Gesch\u00e4ftsprozesse\" class=\"read-more\" href=\"https:\/\/www.solupro.ch\/de\/dienstleistungen\/geschaftsprozesse\/\" aria-label=\"Mehr Informationen \u00fcber Gesch\u00e4ftsprozesse\">Weiterlesen<\/a><\/p>\n","protected":false},"author":3,"featured_media":0,"parent":279,"menu_order":0,"comment_status":"closed","ping_status":"closed","template":"","meta":{"_locale":"de_DE","_original_post":"28","footnotes":""},"class_list":{"0":"post-276","1":"page","2":"type-page","3":"status-publish","5":"de-DE"},"_links":{"self":[{"href":"https:\/\/www.solupro.ch\/wp-json\/wp\/v2\/pages\/276","targetHints":{"allow":["GET"]}}],"collection":[{"href":"https:\/\/www.solupro.ch\/wp-json\/wp\/v2\/pages"}],"about":[{"href":"https:\/\/www.solupro.ch\/wp-json\/wp\/v2\/types\/page"}],"author":[{"embeddable":true,"href":"https:\/\/www.solupro.ch\/wp-json\/wp\/v2\/users\/3"}],"replies":[{"embeddable":true,"href":"https:\/\/www.solupro.ch\/wp-json\/wp\/v2\/comments?post=276"}],"version-history":[{"count":22,"href":"https:\/\/www.solupro.ch\/wp-json\/wp\/v2\/pages\/276\/revisions"}],"predecessor-version":[{"id":1143,"href":"https:\/\/www.solupro.ch\/wp-json\/wp\/v2\/pages\/276\/revisions\/1143"}],"up":[{"embeddable":true,"href":"https:\/\/www.solupro.ch\/wp-json\/wp\/v2\/pages\/279"}],"wp:attachment":[{"href":"https:\/\/www.solupro.ch\/wp-json\/wp\/v2\/media?parent=276"}],"curies":[{"name":"wp","href":"https:\/\/api.w.org\/{rel}","templated":true}]}}