{"id":279,"date":"2013-03-30T22:14:11","date_gmt":"2013-03-30T21:14:11","guid":{"rendered":"http:\/\/wp.newvibes.ch\/solupro\/?page_id=279"},"modified":"2019-03-04T20:52:02","modified_gmt":"2019-03-04T19:52:02","slug":"dienstleistungen","status":"publish","type":"page","link":"https:\/\/www.solupro.ch\/de\/dienstleistungen\/","title":{"rendered":"Dienstleistungen"},"content":{"rendered":"\n<div class=\"wp-block-columns has-3-columns is-layout-flex wp-container-core-columns-is-layout-9d6595d7 wp-block-columns-is-layout-flex\">\n<div class=\"wp-block-column is-layout-flow wp-block-column-is-layout-flow\">\n<div class=\"wp-block-image\"><figure class=\"aligncenter\"><img loading=\"lazy\" decoding=\"async\" width=\"60\" height=\"60\" src=\"https:\/\/www.solupro.ch\/wp-content\/uploads\/sites\/4\/2019\/03\/icon-pen-bg.png\" alt=\"\" class=\"wp-image-1132\"\/><\/figure><\/div>\n\n\n\n<p style=\"text-align:center\"><a href=\"https:\/\/www.solupro.ch\/de\/dienstleistungen\/produktionsmanagement\/\">Produktionsmanagement<\/a><\/p>\n\n\n\n<p class=\"has-small-font-size\">Die optimale Nutzung der vorhandenen Ressourcen (Mensch, Material, Maschinen, usw.) ist ein strategischer Erfolgsfaktor und beeinflusst die Dienst- und Sachleistungen wesentlich. Suboptimale Abl\u00e4ufe erzeugen \u201eBlindleistungen\u201c und hohe Kosten. Typischerweise sind die Faktoren meistens bekannt, doch f\u00fcr die Umsetzung und Durchf\u00fchrung fehlen oftmals die geeigneten Kapazit\u00e4ten <a href=\"https:\/\/www.solupro.ch\/de\/dienstleistungen\/produktionsmanagement\/\">>><\/a><\/p>\n<\/div>\n\n\n\n<div class=\"wp-block-column is-layout-flow wp-block-column-is-layout-flow\">\n<div class=\"wp-block-image\"><figure class=\"aligncenter\"><img loading=\"lazy\" decoding=\"async\" width=\"60\" height=\"60\" src=\"https:\/\/www.solupro.ch\/wp-content\/uploads\/sites\/4\/2019\/03\/icon-eye-bg.png\" alt=\"\" class=\"wp-image-1129\"\/><\/figure><\/div>\n\n\n\n<p style=\"text-align:center\"><a href=\"https:\/\/www.solupro.ch\/de\/dienstleistungen\/qualitaetsmanagement\/\">Qualit\u00e4tsmanagement<\/a><\/p>\n\n\n\n<p class=\"has-small-font-size\">Das Qualit\u00e4tsmanagement hat viele Facetten. Zu oft werden geforderte Qualit\u00e4tsmerkmale nur teilweise oder nicht erf\u00fcllt. Frustration, Zeitverz\u00f6gerungen und Kosten\u00fcberschreitungen sind die unliebsamen Nebenerscheinungen und beeinflussen signifikant den erwarteten Erfolg <a href=\"https:\/\/www.solupro.ch\/de\/dienstleistungen\/qualitaetsmanagement\/\">>><\/a><\/p>\n<\/div>\n\n\n\n<div class=\"wp-block-column is-layout-flow wp-block-column-is-layout-flow\">\n<div class=\"wp-block-image\"><figure class=\"aligncenter\"><img loading=\"lazy\" decoding=\"async\" width=\"60\" height=\"60\" src=\"https:\/\/www.solupro.ch\/wp-content\/uploads\/sites\/4\/2019\/03\/icon-chain-bg.png\" alt=\"\" class=\"wp-image-1108\"\/><\/figure><\/div>\n\n\n\n<p style=\"text-align:center\"><a href=\"https:\/\/www.solupro.ch\/de\/dienstleistungen\/supply-chain-management\/\">Supply Chain Management<\/a><\/p>\n\n\n\n<p class=\"has-small-font-size\">Aktives Supply Chain Management kann oft eine der letzten M\u00f6glichkeiten sein, betr\u00e4chtliches Wachstum f\u00fcr eine Firma zu generieren und zur Flexibilisierung der Fixkosten zu f\u00fchren. Schlanke und effektive supply chains sind selten und daher ein Ziel f\u00fcr Optimierungen <a href=\"https:\/\/www.solupro.ch\/de\/dienstleistungen\/supply-chain-management\/\">>><\/a><\/p>\n<\/div>\n<\/div>\n\n\n\n<div class=\"wp-block-columns has-3-columns is-layout-flex wp-container-core-columns-is-layout-9d6595d7 wp-block-columns-is-layout-flex\">\n<div class=\"wp-block-column is-layout-flow wp-block-column-is-layout-flow\">\n<div class=\"wp-block-image\"><figure class=\"aligncenter\"><img loading=\"lazy\" decoding=\"async\" width=\"60\" height=\"60\" src=\"https:\/\/www.solupro.ch\/wp-content\/uploads\/sites\/4\/2019\/03\/icon-index-bg.png\" alt=\"\" class=\"wp-image-1130\"\/><\/figure><\/div>\n\n\n\n<p style=\"text-align:center\"><a href=\"https:\/\/www.solupro.ch\/de\/dienstleistungen\/geschaftsprozesse\/\">Gesch\u00e4ftsprozesse<\/a><\/p>\n\n\n\n<p class=\"has-small-font-size\">Stringente, kontrollierte und messbare Gesch\u00e4ftsprozesse sind ein fundamentales Element f\u00fcr organisatorischen Erfolg. Zus\u00e4tzlich dazu k\u00f6nnen Prozesse, welche an Best Practices aus der Industrie angelehnt sind Vorteile im Markt mit sich bringen. Prozesse zu verstehen, deren Abl\u00e4ufe sowie das Management von Prozessen k\u00f6nnen in der heutigen Gesch\u00e4ftswelt rasch zu einer grossen Herausforderung werden <a href=\"https:\/\/www.solupro.ch\/de\/dienstleistungen\/geschaftsprozesse\/\">>><\/a><\/p>\n<\/div>\n\n\n\n<div class=\"wp-block-column is-layout-flow wp-block-column-is-layout-flow\">\n<div class=\"wp-block-image\"><figure class=\"aligncenter\"><img loading=\"lazy\" decoding=\"async\" width=\"60\" height=\"60\" src=\"https:\/\/www.solupro.ch\/wp-content\/uploads\/sites\/4\/2019\/03\/icon-mobile-bg.png\" alt=\"\" class=\"wp-image-1131\"\/><\/figure><\/div>\n\n\n\n<p style=\"text-align:center\"><a href=\"https:\/\/www.solupro.ch\/de\/dienstleistungen\/produktkoste\/\">Produktkosten<\/a><\/p>\n\n\n\n<p class=\"has-small-font-size\">Oftmals m\u00fcssen Produktkosten zu einem Zeitpunkt kalkuliert werden, welcher noch weit vor der eigentlichen Serienproduktion liegt. Das Risiko kann dementsprechend hoch sein.<br>Die systematische gef\u00fchrte Zielkostenplanung (Target Costing) begleitet den Produktentstehungsprozess vom Start weg <a href=\"https:\/\/www.solupro.ch\/de\/dienstleistungen\/produktkoste\/\">>><\/a><\/p>\n<\/div>\n\n\n\n<div class=\"wp-block-column is-layout-flow wp-block-column-is-layout-flow\">\n<div class=\"wp-block-image\"><figure class=\"aligncenter\"><img loading=\"lazy\" decoding=\"async\" width=\"60\" height=\"60\" src=\"https:\/\/www.solupro.ch\/wp-content\/uploads\/sites\/4\/2019\/03\/icon-photo-bg.png\" alt=\"\" class=\"wp-image-1133\"\/><\/figure><\/div>\n\n\n\n<p style=\"text-align:center\"><a href=\"https:\/\/www.solupro.ch\/de\/dienstleistungen\/spezialprojekte\/\">Spezialprojekte<\/a><\/p>\n\n\n\n<p class=\"has-small-font-size\">Gewisse Projekte ben\u00f6tigen dedizierte Aufmerksamkeit von Experten um unternehmerische Erfolge zu realisieren. Solche kritischen und strategischen Projekte haben eine hohe Sichtbarkeit im Unternehmen und Misserfolge werden nicht toleriert, da sie weit reichende Konsequenzen haben k\u00f6nnen. Solupro f\u00fchrt in diesem Rahmen Spezialprojekte mit definiertem Scope und klaren Erfolgskriterien durch <a href=\"https:\/\/www.solupro.ch\/de\/dienstleistungen\/spezialprojekte\/\">>><\/a><br><\/p>\n<\/div>\n<\/div>\n","protected":false},"excerpt":{"rendered":"<p>Produktionsmanagement Die optimale Nutzung der vorhandenen Ressourcen (Mensch, Material, Maschinen, usw.) ist ein strategischer Erfolgsfaktor und beeinflusst die Dienst- und Sachleistungen wesentlich. Suboptimale Abl\u00e4ufe erzeugen \u201eBlindleistungen\u201c und hohe Kosten. Typischerweise sind die Faktoren meistens bekannt, doch f\u00fcr die Umsetzung und Durchf\u00fchrung fehlen oftmals die geeigneten Kapazit\u00e4ten >> Qualit\u00e4tsmanagement Das Qualit\u00e4tsmanagement hat viele Facetten. Zu oft &#8230; <a title=\"Dienstleistungen\" class=\"read-more\" href=\"https:\/\/www.solupro.ch\/de\/dienstleistungen\/\" aria-label=\"Mehr Informationen \u00fcber Dienstleistungen\">Weiterlesen<\/a><\/p>\n","protected":false},"author":3,"featured_media":0,"parent":0,"menu_order":0,"comment_status":"closed","ping_status":"closed","template":"","meta":{"_locale":"de_DE","_original_post":"20","footnotes":""},"class_list":{"0":"post-279","1":"page","2":"type-page","3":"status-publish","5":"de-DE"},"_links":{"self":[{"href":"https:\/\/www.solupro.ch\/wp-json\/wp\/v2\/pages\/279","targetHints":{"allow":["GET"]}}],"collection":[{"href":"https:\/\/www.solupro.ch\/wp-json\/wp\/v2\/pages"}],"about":[{"href":"https:\/\/www.solupro.ch\/wp-json\/wp\/v2\/types\/page"}],"author":[{"embeddable":true,"href":"https:\/\/www.solupro.ch\/wp-json\/wp\/v2\/users\/3"}],"replies":[{"embeddable":true,"href":"https:\/\/www.solupro.ch\/wp-json\/wp\/v2\/comments?post=279"}],"version-history":[{"count":39,"href":"https:\/\/www.solupro.ch\/wp-json\/wp\/v2\/pages\/279\/revisions"}],"predecessor-version":[{"id":1139,"href":"https:\/\/www.solupro.ch\/wp-json\/wp\/v2\/pages\/279\/revisions\/1139"}],"wp:attachment":[{"href":"https:\/\/www.solupro.ch\/wp-json\/wp\/v2\/media?parent=279"}],"curies":[{"name":"wp","href":"https:\/\/api.w.org\/{rel}","templated":true}]}}