{"id":442,"date":"2013-04-12T15:13:56","date_gmt":"2013-04-12T14:13:56","guid":{"rendered":"http:\/\/wp.newvibes.ch\/solupro\/?page_id=442"},"modified":"2013-04-28T10:35:15","modified_gmt":"2013-04-28T09:35:15","slug":"layoutplanung","status":"publish","type":"page","link":"https:\/\/www.solupro.ch\/de\/dienstleistungen\/produktionsmanagement\/layoutplanung\/","title":{"rendered":"Layoutplanung"},"content":{"rendered":"<p>Den Produkten entsprechende Materialfluss- und Layoutplanung sind wesentliche Bestandteile einer effizienten Produktion. \u00dcber die Zeit organisch gewachsene Strukturen und Abl\u00e4ufe sind oft nicht optimal und hinderlich.<\/p>\n<p>Gemeinsam mit ihren Mitarbeitern \u201eIst-Daten\u201c  erarbeiten, L\u00f6sungen generieren und effizient umsetzen ist eine der St\u00e4rken von Solupro. Solupro kann Ihre Produktion wahrnehmbar ver\u00e4ndern und effektiver gestalten.<\/p>\n","protected":false},"excerpt":{"rendered":"<p>Den Produkten entsprechende Materialfluss- und Layoutplanung sind wesentliche Bestandteile einer effizienten Produktion. \u00dcber die Zeit organisch gewachsene Strukturen und Abl\u00e4ufe sind oft nicht optimal und hinderlich. Gemeinsam mit ihren Mitarbeitern \u201eIst-Daten\u201c erarbeiten, L\u00f6sungen generieren und effizient umsetzen ist eine der St\u00e4rken von Solupro. Solupro kann Ihre Produktion wahrnehmbar ver\u00e4ndern und effektiver gestalten.<\/p>\n","protected":false},"author":3,"featured_media":0,"parent":451,"menu_order":0,"comment_status":"closed","ping_status":"closed","template":"","meta":{"_locale":"de_DE","_original_post":"70","footnotes":""},"class_list":{"0":"post-442","1":"page","2":"type-page","3":"status-publish","5":"de-DE"},"_links":{"self":[{"href":"https:\/\/www.solupro.ch\/wp-json\/wp\/v2\/pages\/442","targetHints":{"allow":["GET"]}}],"collection":[{"href":"https:\/\/www.solupro.ch\/wp-json\/wp\/v2\/pages"}],"about":[{"href":"https:\/\/www.solupro.ch\/wp-json\/wp\/v2\/types\/page"}],"author":[{"embeddable":true,"href":"https:\/\/www.solupro.ch\/wp-json\/wp\/v2\/users\/3"}],"replies":[{"embeddable":true,"href":"https:\/\/www.solupro.ch\/wp-json\/wp\/v2\/comments?post=442"}],"version-history":[{"count":6,"href":"https:\/\/www.solupro.ch\/wp-json\/wp\/v2\/pages\/442\/revisions"}],"predecessor-version":[{"id":785,"href":"https:\/\/www.solupro.ch\/wp-json\/wp\/v2\/pages\/442\/revisions\/785"}],"up":[{"embeddable":true,"href":"https:\/\/www.solupro.ch\/wp-json\/wp\/v2\/pages\/451"}],"wp:attachment":[{"href":"https:\/\/www.solupro.ch\/wp-json\/wp\/v2\/media?parent=442"}],"curies":[{"name":"wp","href":"https:\/\/api.w.org\/{rel}","templated":true}]}}