{"id":447,"date":"2013-04-12T15:15:45","date_gmt":"2013-04-12T14:15:45","guid":{"rendered":"http:\/\/wp.newvibes.ch\/solupro\/?page_id=447"},"modified":"2013-04-28T10:33:43","modified_gmt":"2013-04-28T09:33:43","slug":"betriebsmittel-evaluation","status":"publish","type":"page","link":"https:\/\/www.solupro.ch\/de\/dienstleistungen\/produktionsmanagement\/betriebsmittel-evaluation\/","title":{"rendered":"Betriebsmittel-Evaluation"},"content":{"rendered":"<p>Auf die Planung abgestimmte Betriebsmittel und Maschinen sind wesentliche strategische Erfolgsfaktoren. Den Bed\u00fcrfnissen entsprechende technische Spezifikationen sind ein wesentlicher Bestandteil im Beschaffungsprozess.<\/p>\n<p>Zuverl\u00e4ssige Produkte und Lieferanten welche Bed\u00fcrfnissen und M\u00f6glichkeiten entsprechen zu evaluieren, f\u00fchren zum Erfolg &#8211; Solupro bietet einen entscheidenden Mehrwert in diesem Prozess.<\/p>\n","protected":false},"excerpt":{"rendered":"<p>Auf die Planung abgestimmte Betriebsmittel und Maschinen sind wesentliche strategische Erfolgsfaktoren. Den Bed\u00fcrfnissen entsprechende technische Spezifikationen sind ein wesentlicher Bestandteil im Beschaffungsprozess. Zuverl\u00e4ssige Produkte und Lieferanten welche Bed\u00fcrfnissen und M\u00f6glichkeiten entsprechen zu evaluieren, f\u00fchren zum Erfolg &#8211; Solupro bietet einen entscheidenden Mehrwert in diesem Prozess.<\/p>\n","protected":false},"author":3,"featured_media":0,"parent":451,"menu_order":0,"comment_status":"closed","ping_status":"closed","template":"","meta":{"_locale":"de_DE","_original_post":"66","footnotes":""},"class_list":{"0":"post-447","1":"page","2":"type-page","3":"status-publish","5":"de-DE"},"_links":{"self":[{"href":"https:\/\/www.solupro.ch\/wp-json\/wp\/v2\/pages\/447","targetHints":{"allow":["GET"]}}],"collection":[{"href":"https:\/\/www.solupro.ch\/wp-json\/wp\/v2\/pages"}],"about":[{"href":"https:\/\/www.solupro.ch\/wp-json\/wp\/v2\/types\/page"}],"author":[{"embeddable":true,"href":"https:\/\/www.solupro.ch\/wp-json\/wp\/v2\/users\/3"}],"replies":[{"embeddable":true,"href":"https:\/\/www.solupro.ch\/wp-json\/wp\/v2\/comments?post=447"}],"version-history":[{"count":6,"href":"https:\/\/www.solupro.ch\/wp-json\/wp\/v2\/pages\/447\/revisions"}],"predecessor-version":[{"id":782,"href":"https:\/\/www.solupro.ch\/wp-json\/wp\/v2\/pages\/447\/revisions\/782"}],"up":[{"embeddable":true,"href":"https:\/\/www.solupro.ch\/wp-json\/wp\/v2\/pages\/451"}],"wp:attachment":[{"href":"https:\/\/www.solupro.ch\/wp-json\/wp\/v2\/media?parent=447"}],"curies":[{"name":"wp","href":"https:\/\/api.w.org\/{rel}","templated":true}]}}