{"id":449,"date":"2013-04-12T15:16:20","date_gmt":"2013-04-12T14:16:20","guid":{"rendered":"http:\/\/wp.newvibes.ch\/solupro\/?page_id=449"},"modified":"2013-04-28T10:34:21","modified_gmt":"2013-04-28T09:34:21","slug":"investitionsplanun","status":"publish","type":"page","link":"https:\/\/www.solupro.ch\/de\/dienstleistungen\/produktionsmanagement\/investitionsplanun\/","title":{"rendered":"Investitionsplanung"},"content":{"rendered":"<p>Die Investitionsplanung \u00fcber einen l\u00e4ngeren Zeitraum, gesplittet in verkraftbare Schritte ist ein wesentlicher Teil der Finanz- und Liquidit\u00e4tsplanung. Die Erneuerung der Betriebsmittel und Anlagen sind wichtige Bestandteile der langfristigen Konkurrenzf\u00e4higkeit des Unternehmens.<\/p>\n<p>Basierend auf langj\u00e4hriger Praxiserfahrung kann Solupro bei der Planung und Umsetzung unterst\u00fctzen. Die Investitionsplanung hilft Ihnen in der strategischen Entwicklung des Unternehmens und in der Kommunikation mit den Mitarbeitern und Aktion\u00e4ren.<\/p>\n","protected":false},"excerpt":{"rendered":"<p>Die Investitionsplanung \u00fcber einen l\u00e4ngeren Zeitraum, gesplittet in verkraftbare Schritte ist ein wesentlicher Teil der Finanz- und Liquidit\u00e4tsplanung. Die Erneuerung der Betriebsmittel und Anlagen sind wichtige Bestandteile der langfristigen Konkurrenzf\u00e4higkeit des Unternehmens. Basierend auf langj\u00e4hriger Praxiserfahrung kann Solupro bei der Planung und Umsetzung unterst\u00fctzen. Die Investitionsplanung hilft Ihnen in der strategischen Entwicklung des Unternehmens und &#8230; <a title=\"Investitionsplanung\" class=\"read-more\" href=\"https:\/\/www.solupro.ch\/de\/dienstleistungen\/produktionsmanagement\/investitionsplanun\/\" aria-label=\"Mehr Informationen \u00fcber Investitionsplanung\">Weiterlesen<\/a><\/p>\n","protected":false},"author":3,"featured_media":0,"parent":451,"menu_order":0,"comment_status":"closed","ping_status":"closed","template":"","meta":{"_locale":"de_DE","_original_post":"68","footnotes":""},"class_list":{"0":"post-449","1":"page","2":"type-page","3":"status-publish","5":"de-DE"},"_links":{"self":[{"href":"https:\/\/www.solupro.ch\/wp-json\/wp\/v2\/pages\/449","targetHints":{"allow":["GET"]}}],"collection":[{"href":"https:\/\/www.solupro.ch\/wp-json\/wp\/v2\/pages"}],"about":[{"href":"https:\/\/www.solupro.ch\/wp-json\/wp\/v2\/types\/page"}],"author":[{"embeddable":true,"href":"https:\/\/www.solupro.ch\/wp-json\/wp\/v2\/users\/3"}],"replies":[{"embeddable":true,"href":"https:\/\/www.solupro.ch\/wp-json\/wp\/v2\/comments?post=449"}],"version-history":[{"count":7,"href":"https:\/\/www.solupro.ch\/wp-json\/wp\/v2\/pages\/449\/revisions"}],"predecessor-version":[{"id":784,"href":"https:\/\/www.solupro.ch\/wp-json\/wp\/v2\/pages\/449\/revisions\/784"}],"up":[{"embeddable":true,"href":"https:\/\/www.solupro.ch\/wp-json\/wp\/v2\/pages\/451"}],"wp:attachment":[{"href":"https:\/\/www.solupro.ch\/wp-json\/wp\/v2\/media?parent=449"}],"curies":[{"name":"wp","href":"https:\/\/api.w.org\/{rel}","templated":true}]}}