{"id":451,"date":"2013-04-12T15:17:09","date_gmt":"2013-04-12T14:17:09","guid":{"rendered":"http:\/\/wp.newvibes.ch\/solupro\/?page_id=451"},"modified":"2019-03-04T20:52:33","modified_gmt":"2019-03-04T19:52:33","slug":"produktionsmanagement","status":"publish","type":"page","link":"https:\/\/www.solupro.ch\/de\/dienstleistungen\/produktionsmanagement\/","title":{"rendered":"Produktionsmanagement"},"content":{"rendered":"<p>Die optimale Nutzung der vorhandenen Ressourcen (Mensch, Material, Maschinen, usw.) ist ein strategischer Erfolgsfaktor und beeinflusst die Dienst- und Sachleistungen wesentlich. Suboptimale Abl\u00e4ufe erzeugen \u201eBlindleistungen\u201c und hohe Kosten. Typischerweise sind die Faktoren meistens bekannt, doch f\u00fcr die Umsetzung und Durchf\u00fchrung fehlen oftmals die geeigneten Kapazit\u00e4ten.<\/p>\n<p>Solupro analysiert Ihre Abl\u00e4ufe, deckt Schwachstellen auf, ber\u00e4t Sie im Verbesserungsprozess und unterst\u00fctzt in der Umsetzung. Unser Know-how und unsere Erfahrungen leisten einen Beitrag zur nachhaltigen Ergebnisverbesserung in ihrem Unternehmen.<\/p>\n\n<!-- Page-list plugin v.5.9 wordpress.org\/plugins\/page-list\/ -->\n<div class=\"page-list page-list-ext \">\n<div class=\"page-list-ext-item\"><h3 class=\"page-list-ext-title\"><a href=\"https:\/\/www.solupro.ch\/de\/dienstleistungen\/produktionsmanagement\/betriebsmittel-evaluation\/\" title=\"Betriebsmittel-Evaluation\">Betriebsmittel-Evaluation<\/a><\/h3><div class=\"page-list-ext-item-content\">Auf die Planung abgestimmte Betriebsmittel und Maschinen sind wesentliche strategische Erfolgsfaktoren. Den Bed\u00fcrfnissen entsprechende technische Spezifikationen sind ein wesentlicher Bestandteil im Beschaffungsprozess.\r\n\r\nZuverl\u00e4ssige Produkte und Lieferanten welche Bed\u00fcrfnissen und M\u00f6glichkeiten ent...<\/div><\/div>\n<div class=\"page-list-ext-item\"><h3 class=\"page-list-ext-title\"><a href=\"https:\/\/www.solupro.ch\/de\/dienstleistungen\/produktionsmanagement\/investitionsplanun\/\" title=\"Investitionsplanung\">Investitionsplanung<\/a><\/h3><div class=\"page-list-ext-item-content\">Die Investitionsplanung \u00fcber einen l\u00e4ngeren Zeitraum, gesplittet in verkraftbare Schritte ist ein wesentlicher Teil der Finanz- und Liquidit\u00e4tsplanung. Die Erneuerung der Betriebsmittel und Anlagen sind wichtige Bestandteile der langfristigen Konkurrenzf\u00e4higkeit des Unternehmens.\r\n\r\nBasierend auf lan...<\/div><\/div>\n<div class=\"page-list-ext-item\"><h3 class=\"page-list-ext-title\"><a href=\"https:\/\/www.solupro.ch\/de\/dienstleistungen\/produktionsmanagement\/layoutplanung\/\" title=\"Layoutplanung\">Layoutplanung<\/a><\/h3><div class=\"page-list-ext-item-content\">Den Produkten entsprechende Materialfluss- und Layoutplanung sind wesentliche Bestandteile einer effizienten Produktion. \u00dcber die Zeit organisch gewachsene Strukturen und Abl\u00e4ufe sind oft nicht optimal und hinderlich.\r\n\r\nGemeinsam mit ihren Mitarbeitern \u201eIst-Daten\u201c  erarbeiten, L\u00f6sungen generieren und ef...<\/div><\/div>\n\n<\/div>\n","protected":false},"excerpt":{"rendered":"<p>Die optimale Nutzung der vorhandenen Ressourcen (Mensch, Material, Maschinen, usw.) ist ein strategischer Erfolgsfaktor und beeinflusst die Dienst- und Sachleistungen wesentlich. Suboptimale Abl\u00e4ufe erzeugen \u201eBlindleistungen\u201c und hohe Kosten. Typischerweise sind die Faktoren meistens bekannt, doch f\u00fcr die Umsetzung und Durchf\u00fchrung fehlen oftmals die geeigneten Kapazit\u00e4ten. Solupro analysiert Ihre Abl\u00e4ufe, deckt Schwachstellen auf, ber\u00e4t Sie im &#8230; <a title=\"Produktionsmanagement\" class=\"read-more\" href=\"https:\/\/www.solupro.ch\/de\/dienstleistungen\/produktionsmanagement\/\" aria-label=\"Mehr Informationen \u00fcber Produktionsmanagement\">Weiterlesen<\/a><\/p>\n","protected":false},"author":3,"featured_media":0,"parent":279,"menu_order":0,"comment_status":"closed","ping_status":"closed","template":"","meta":{"_locale":"de_DE","_original_post":"22","footnotes":""},"class_list":{"0":"post-451","1":"page","2":"type-page","3":"status-publish","5":"de-DE"},"_links":{"self":[{"href":"https:\/\/www.solupro.ch\/wp-json\/wp\/v2\/pages\/451","targetHints":{"allow":["GET"]}}],"collection":[{"href":"https:\/\/www.solupro.ch\/wp-json\/wp\/v2\/pages"}],"about":[{"href":"https:\/\/www.solupro.ch\/wp-json\/wp\/v2\/types\/page"}],"author":[{"embeddable":true,"href":"https:\/\/www.solupro.ch\/wp-json\/wp\/v2\/users\/3"}],"replies":[{"embeddable":true,"href":"https:\/\/www.solupro.ch\/wp-json\/wp\/v2\/comments?post=451"}],"version-history":[{"count":12,"href":"https:\/\/www.solupro.ch\/wp-json\/wp\/v2\/pages\/451\/revisions"}],"predecessor-version":[{"id":1140,"href":"https:\/\/www.solupro.ch\/wp-json\/wp\/v2\/pages\/451\/revisions\/1140"}],"up":[{"embeddable":true,"href":"https:\/\/www.solupro.ch\/wp-json\/wp\/v2\/pages\/279"}],"wp:attachment":[{"href":"https:\/\/www.solupro.ch\/wp-json\/wp\/v2\/media?parent=451"}],"curies":[{"name":"wp","href":"https:\/\/api.w.org\/{rel}","templated":true}]}}