{"id":462,"date":"2013-04-12T15:21:03","date_gmt":"2013-04-12T14:21:03","guid":{"rendered":"http:\/\/wp.newvibes.ch\/solupro\/?page_id=462"},"modified":"2019-03-04T20:52:51","modified_gmt":"2019-03-04T19:52:51","slug":"qualitaetsmanagement","status":"publish","type":"page","link":"https:\/\/www.solupro.ch\/de\/dienstleistungen\/qualitaetsmanagement\/","title":{"rendered":"Qualit\u00e4tsmanagement"},"content":{"rendered":"<p>Das Qualit\u00e4tsmanagement hat viele Facetten. Zu oft werden geforderte Qualit\u00e4tsmerkmale nur teilweise oder nicht erf\u00fcllt. Frustration, Zeitverz\u00f6gerungen und Kosten\u00fcberschreitungen sind die unliebsamen Nebenerscheinungen und beeinflussen signifikant den erwarteten Erfolg.<\/p>\n<p>Die St\u00e4rke von Solupro liegt im Bereich der Umsetzung von geplanten Massnahmen zur gesicherten Produktion von G\u00fctern.<\/p>\n\n<!-- Page-list plugin v.5.9 wordpress.org\/plugins\/page-list\/ -->\n<div class=\"page-list page-list-ext \">\n<div class=\"page-list-ext-item\"><h3 class=\"page-list-ext-title\"><a href=\"https:\/\/www.solupro.ch\/de\/dienstleistungen\/qualitaetsmanagement\/erstbemusterungen\/\" title=\"Erstbemusterungen\">Erstbemusterungen<\/a><\/h3><div class=\"page-list-ext-item-content\">Erstbemusterungen auf Anhieb richtig, sind meist die berechtigte Erwartungshaltung vor der Serienproduktion! Doch was, wenn die Erwartungen \u00fcberraschend nicht erf\u00fcllt werden?\r\n\r\nSolupro offeriert die zielf\u00fchrende Begleitung des gesamtem Erstbeschaffungsprozesses.<\/div><\/div>\n<div class=\"page-list-ext-item\"><div class=\"page-list-ext-image\"><a href=\"https:\/\/www.solupro.ch\/de\/dienstleistungen\/qualitaetsmanagement\/pruef-und-messmethoden\/\" title=\"Pr\u00fcf- und Messmethoden\"><img decoding=\"async\" src=\"https:\/\/www.solupro.ch\/wp-content\/uploads\/sites\/4\/2013\/03\/testing-measurement-tools-150x150.jpg\" width=\"90\" alt=\"Pr\u00fcf- und Messmethoden\" \/><\/a><\/div> <h3 class=\"page-list-ext-title\"><a href=\"https:\/\/www.solupro.ch\/de\/dienstleistungen\/qualitaetsmanagement\/pruef-und-messmethoden\/\" title=\"Pr\u00fcf- und Messmethoden\">Pr\u00fcf- und Messmethoden<\/a><\/h3><div class=\"page-list-ext-item-content\">Pr\u00fcf- und Messmethoden fest zu legen erscheint oft im ersten Blick trivial und selbstverst\u00e4ndlich. Doch die praktische Erfahrung lehrt, dass dies h\u00e4ufig untersch\u00e4tzt wird. Die verschiedenen Qualit\u00e4tsmerkmale werden oft falsch interpretiert und mit ungeeigneten Pr\u00fcf- und oder Messmethoden kontrolliert.\n\nSolupro erste...<\/div><\/div>\n<div class=\"page-list-ext-item\"><div class=\"page-list-ext-image\"><a href=\"https:\/\/www.solupro.ch\/de\/dienstleistungen\/qualitaetsmanagement\/pruef-undmessmittelplanung\/\" title=\"Pr\u00fcf- und Messmittelplanung\"><img decoding=\"async\" src=\"https:\/\/www.solupro.ch\/wp-content\/uploads\/sites\/4\/2013\/03\/testing-measurement-tools-150x150.jpg\" width=\"90\" alt=\"Pr\u00fcf- und Messmittelplanung\" \/><\/a><\/div> <h3 class=\"page-list-ext-title\"><a href=\"https:\/\/www.solupro.ch\/de\/dienstleistungen\/qualitaetsmanagement\/pruef-undmessmittelplanung\/\" title=\"Pr\u00fcf- und Messmittelplanung\">Pr\u00fcf- und Messmittelplanung<\/a><\/h3><div class=\"page-list-ext-item-content\">\nWie die Mess- und Pr\u00fcfmethoden sind auch die dazugeh\u00f6renden Mittel ein wesentlicher Erfolgsfaktor. Zu oft herrscht Unklarheit womit und wie gemessen oder gepr\u00fcft werden soll.\n\nGemeinsam mit der Entwicklung, der Konstruktion und der Produktion erstellt Solupro die Pr\u00fcf- und Messmittelplanung und set...<\/div><\/div>\n<div class=\"page-list-ext-item\"><h3 class=\"page-list-ext-title\"><a href=\"https:\/\/www.solupro.ch\/de\/dienstleistungen\/qualitaetsmanagement\/qualitaetssicherungsvereinbarung\/\" title=\"Qualit\u00e4tssicherungsvereinbarung\">Qualit\u00e4tssicherungsvereinbarung<\/a><\/h3><div class=\"page-list-ext-item-content\">Oft kommt es zwischen Lieferant und Abnehmer zu Unstimmigkeiten oder Streit, wenn gelieferte Teile fehlerhaft sind. Was sind die Ursachen? Wer haftet? Welche Folgen hat das? Beide Seiten haben dann meist ganz unterschiedliche Vorstellungen davon, wie die Antworten auf diese Fragen lauten und wie der...<\/div><\/div>\n\n<\/div>\n","protected":false},"excerpt":{"rendered":"<p>Das Qualit\u00e4tsmanagement hat viele Facetten. Zu oft werden geforderte Qualit\u00e4tsmerkmale nur teilweise oder nicht erf\u00fcllt. Frustration, Zeitverz\u00f6gerungen und Kosten\u00fcberschreitungen sind die unliebsamen Nebenerscheinungen und beeinflussen signifikant den erwarteten Erfolg. Die St\u00e4rke von Solupro liegt im Bereich der Umsetzung von geplanten Massnahmen zur gesicherten Produktion von G\u00fctern.<\/p>\n","protected":false},"author":3,"featured_media":0,"parent":279,"menu_order":0,"comment_status":"closed","ping_status":"closed","template":"","meta":{"_locale":"de_DE","_original_post":"24","footnotes":""},"class_list":{"0":"post-462","1":"page","2":"type-page","3":"status-publish","5":"de-DE"},"_links":{"self":[{"href":"https:\/\/www.solupro.ch\/wp-json\/wp\/v2\/pages\/462","targetHints":{"allow":["GET"]}}],"collection":[{"href":"https:\/\/www.solupro.ch\/wp-json\/wp\/v2\/pages"}],"about":[{"href":"https:\/\/www.solupro.ch\/wp-json\/wp\/v2\/types\/page"}],"author":[{"embeddable":true,"href":"https:\/\/www.solupro.ch\/wp-json\/wp\/v2\/users\/3"}],"replies":[{"embeddable":true,"href":"https:\/\/www.solupro.ch\/wp-json\/wp\/v2\/comments?post=462"}],"version-history":[{"count":9,"href":"https:\/\/www.solupro.ch\/wp-json\/wp\/v2\/pages\/462\/revisions"}],"predecessor-version":[{"id":1141,"href":"https:\/\/www.solupro.ch\/wp-json\/wp\/v2\/pages\/462\/revisions\/1141"}],"up":[{"embeddable":true,"href":"https:\/\/www.solupro.ch\/wp-json\/wp\/v2\/pages\/279"}],"wp:attachment":[{"href":"https:\/\/www.solupro.ch\/wp-json\/wp\/v2\/media?parent=462"}],"curies":[{"name":"wp","href":"https:\/\/api.w.org\/{rel}","templated":true}]}}