{"id":463,"date":"2013-04-12T15:21:32","date_gmt":"2013-04-12T14:21:32","guid":{"rendered":"http:\/\/wp.newvibes.ch\/solupro\/?page_id=463"},"modified":"2019-03-04T20:59:01","modified_gmt":"2019-03-04T19:59:01","slug":"pruef-und-messmethoden","status":"publish","type":"page","link":"https:\/\/www.solupro.ch\/de\/dienstleistungen\/qualitaetsmanagement\/pruef-und-messmethoden\/","title":{"rendered":"Pr\u00fcf- und Messmethoden"},"content":{"rendered":"<p><img loading=\"lazy\" decoding=\"async\" class=\"alignright size-medium wp-image-622\" src=\"https:\/\/www.solupro.ch\/wp-content\/uploads\/sites\/4\/2013\/03\/testing-measurement-tools-300x132.jpg\" alt=\"\" width=\"300\" height=\"132\" srcset=\"https:\/\/www.solupro.ch\/wp-content\/uploads\/sites\/4\/2013\/03\/testing-measurement-tools-300x132.jpg 300w, https:\/\/www.solupro.ch\/wp-content\/uploads\/sites\/4\/2013\/03\/testing-measurement-tools-1024x453.jpg 1024w, https:\/\/www.solupro.ch\/wp-content\/uploads\/sites\/4\/2013\/03\/testing-measurement-tools.jpg 1038w\" sizes=\"auto, (max-width: 300px) 100vw, 300px\" \/>Pr\u00fcf- und Messmethoden fest zu legen erscheint oft im ersten Blick trivial und selbstverst\u00e4ndlich. Doch die praktische Erfahrung lehrt, dass dies h\u00e4ufig untersch\u00e4tzt wird. Die verschiedenen Qualit\u00e4tsmerkmale werden oft falsch interpretiert und mit ungeeigneten Pr\u00fcf- und oder Messmethoden kontrolliert.<\/p>\n<p>Solupro erstellt mit Ihnen Mess- und Pr\u00fcfanweisungen, welche abgestimmt und integrierende Bestandteile des Beschaffungs- oder Produktionsprozesses sind. Unliebsame \u00dcberraschungen bleiben aus und der Erfolg ist gesichert.<\/p>\n","protected":false},"excerpt":{"rendered":"<p>Pr\u00fcf- und Messmethoden fest zu legen erscheint oft im ersten Blick trivial und selbstverst\u00e4ndlich. Doch die praktische Erfahrung lehrt, dass dies h\u00e4ufig untersch\u00e4tzt wird. Die verschiedenen Qualit\u00e4tsmerkmale werden oft falsch interpretiert und mit ungeeigneten Pr\u00fcf- und oder Messmethoden kontrolliert. Solupro erstellt mit Ihnen Mess- und Pr\u00fcfanweisungen, welche abgestimmt und integrierende Bestandteile des Beschaffungs- oder Produktionsprozesses &#8230; <a title=\"Pr\u00fcf- und Messmethoden\" class=\"read-more\" href=\"https:\/\/www.solupro.ch\/de\/dienstleistungen\/qualitaetsmanagement\/pruef-und-messmethoden\/\" aria-label=\"Mehr Informationen \u00fcber Pr\u00fcf- und Messmethoden\">Weiterlesen<\/a><\/p>\n","protected":false},"author":3,"featured_media":622,"parent":462,"menu_order":0,"comment_status":"closed","ping_status":"closed","template":"","meta":{"_locale":"de_DE","_original_post":"84","footnotes":""},"class_list":{"0":"post-463","1":"page","2":"type-page","3":"status-publish","4":"has-post-thumbnail","6":"de-DE"},"_links":{"self":[{"href":"https:\/\/www.solupro.ch\/wp-json\/wp\/v2\/pages\/463","targetHints":{"allow":["GET"]}}],"collection":[{"href":"https:\/\/www.solupro.ch\/wp-json\/wp\/v2\/pages"}],"about":[{"href":"https:\/\/www.solupro.ch\/wp-json\/wp\/v2\/types\/page"}],"author":[{"embeddable":true,"href":"https:\/\/www.solupro.ch\/wp-json\/wp\/v2\/users\/3"}],"replies":[{"embeddable":true,"href":"https:\/\/www.solupro.ch\/wp-json\/wp\/v2\/comments?post=463"}],"version-history":[{"count":9,"href":"https:\/\/www.solupro.ch\/wp-json\/wp\/v2\/pages\/463\/revisions"}],"predecessor-version":[{"id":1146,"href":"https:\/\/www.solupro.ch\/wp-json\/wp\/v2\/pages\/463\/revisions\/1146"}],"up":[{"embeddable":true,"href":"https:\/\/www.solupro.ch\/wp-json\/wp\/v2\/pages\/462"}],"wp:featuredmedia":[{"embeddable":true,"href":"https:\/\/www.solupro.ch\/wp-json\/wp\/v2\/media\/622"}],"wp:attachment":[{"href":"https:\/\/www.solupro.ch\/wp-json\/wp\/v2\/media?parent=463"}],"curies":[{"name":"wp","href":"https:\/\/api.w.org\/{rel}","templated":true}]}}