{"id":464,"date":"2013-04-12T15:22:14","date_gmt":"2013-04-12T14:22:14","guid":{"rendered":"http:\/\/wp.newvibes.ch\/solupro\/?page_id=464"},"modified":"2019-03-04T20:59:27","modified_gmt":"2019-03-04T19:59:27","slug":"pruef-undmessmittelplanung","status":"publish","type":"page","link":"https:\/\/www.solupro.ch\/de\/dienstleistungen\/qualitaetsmanagement\/pruef-undmessmittelplanung\/","title":{"rendered":"Pr\u00fcf- und Messmittelplanung"},"content":{"rendered":"<p><img loading=\"lazy\" decoding=\"async\" class=\"alignright size-medium wp-image-622\" src=\"https:\/\/www.solupro.ch\/wp-content\/uploads\/sites\/4\/2013\/03\/testing-measurement-tools-300x132.jpg\" alt=\"\" width=\"300\" height=\"132\" srcset=\"https:\/\/www.solupro.ch\/wp-content\/uploads\/sites\/4\/2013\/03\/testing-measurement-tools-300x132.jpg 300w, https:\/\/www.solupro.ch\/wp-content\/uploads\/sites\/4\/2013\/03\/testing-measurement-tools-1024x453.jpg 1024w, https:\/\/www.solupro.ch\/wp-content\/uploads\/sites\/4\/2013\/03\/testing-measurement-tools.jpg 1038w\" sizes=\"auto, (max-width: 300px) 100vw, 300px\" \/><br \/>\nWie die Mess- und Pr\u00fcfmethoden sind auch die dazugeh\u00f6renden Mittel ein wesentlicher Erfolgsfaktor. Zu oft herrscht Unklarheit womit und wie gemessen oder gepr\u00fcft werden soll.<\/p>\n<p>Gemeinsam mit der Entwicklung, der Konstruktion und der Produktion erstellt Solupro die Pr\u00fcf- und Messmittelplanung und setzt sie in Ihrer Produktion oder mit den Lieferanten um. Aufeinander abgestimmte Pr\u00fcf- und Messmittel tragen wesentlich zum Gelingen der Projekte bei, vermeiden unerw\u00fcnschte Nacharbeiten und Zeitverz\u00f6gerungen.<\/p>\n","protected":false},"excerpt":{"rendered":"<p>Wie die Mess- und Pr\u00fcfmethoden sind auch die dazugeh\u00f6renden Mittel ein wesentlicher Erfolgsfaktor. Zu oft herrscht Unklarheit womit und wie gemessen oder gepr\u00fcft werden soll. Gemeinsam mit der Entwicklung, der Konstruktion und der Produktion erstellt Solupro die Pr\u00fcf- und Messmittelplanung und setzt sie in Ihrer Produktion oder mit den Lieferanten um. Aufeinander abgestimmte Pr\u00fcf- und &#8230; <a title=\"Pr\u00fcf- und Messmittelplanung\" class=\"read-more\" href=\"https:\/\/www.solupro.ch\/de\/dienstleistungen\/qualitaetsmanagement\/pruef-undmessmittelplanung\/\" aria-label=\"Mehr Informationen \u00fcber Pr\u00fcf- und Messmittelplanung\">Weiterlesen<\/a><\/p>\n","protected":false},"author":3,"featured_media":622,"parent":462,"menu_order":0,"comment_status":"closed","ping_status":"closed","template":"","meta":{"_locale":"de_DE","_original_post":"82","footnotes":""},"class_list":{"0":"post-464","1":"page","2":"type-page","3":"status-publish","4":"has-post-thumbnail","6":"de-DE"},"_links":{"self":[{"href":"https:\/\/www.solupro.ch\/wp-json\/wp\/v2\/pages\/464","targetHints":{"allow":["GET"]}}],"collection":[{"href":"https:\/\/www.solupro.ch\/wp-json\/wp\/v2\/pages"}],"about":[{"href":"https:\/\/www.solupro.ch\/wp-json\/wp\/v2\/types\/page"}],"author":[{"embeddable":true,"href":"https:\/\/www.solupro.ch\/wp-json\/wp\/v2\/users\/3"}],"replies":[{"embeddable":true,"href":"https:\/\/www.solupro.ch\/wp-json\/wp\/v2\/comments?post=464"}],"version-history":[{"count":8,"href":"https:\/\/www.solupro.ch\/wp-json\/wp\/v2\/pages\/464\/revisions"}],"predecessor-version":[{"id":1147,"href":"https:\/\/www.solupro.ch\/wp-json\/wp\/v2\/pages\/464\/revisions\/1147"}],"up":[{"embeddable":true,"href":"https:\/\/www.solupro.ch\/wp-json\/wp\/v2\/pages\/462"}],"wp:featuredmedia":[{"embeddable":true,"href":"https:\/\/www.solupro.ch\/wp-json\/wp\/v2\/media\/622"}],"wp:attachment":[{"href":"https:\/\/www.solupro.ch\/wp-json\/wp\/v2\/media?parent=464"}],"curies":[{"name":"wp","href":"https:\/\/api.w.org\/{rel}","templated":true}]}}