{"id":466,"date":"2013-04-12T15:22:51","date_gmt":"2013-04-12T14:22:51","guid":{"rendered":"http:\/\/wp.newvibes.ch\/solupro\/?page_id=466"},"modified":"2013-04-23T19:42:59","modified_gmt":"2013-04-23T18:42:59","slug":"erstbemusterungen","status":"publish","type":"page","link":"https:\/\/www.solupro.ch\/de\/dienstleistungen\/qualitaetsmanagement\/erstbemusterungen\/","title":{"rendered":"Erstbemusterungen"},"content":{"rendered":"<p>Erstbemusterungen auf Anhieb richtig, sind meist die berechtigte Erwartungshaltung vor der Serienproduktion! Doch was, wenn die Erwartungen \u00fcberraschend nicht erf\u00fcllt werden?<\/p>\n<p>Solupro offeriert die zielf\u00fchrende Begleitung des gesamtem Erstbeschaffungsprozesses.<\/p>\n","protected":false},"excerpt":{"rendered":"<p>Erstbemusterungen auf Anhieb richtig, sind meist die berechtigte Erwartungshaltung vor der Serienproduktion! Doch was, wenn die Erwartungen \u00fcberraschend nicht erf\u00fcllt werden? Solupro offeriert die zielf\u00fchrende Begleitung des gesamtem Erstbeschaffungsprozesses.<\/p>\n","protected":false},"author":3,"featured_media":0,"parent":462,"menu_order":0,"comment_status":"closed","ping_status":"closed","template":"","meta":{"_locale":"de_DE","_original_post":"86","footnotes":""},"class_list":{"0":"post-466","1":"page","2":"type-page","3":"status-publish","5":"de-DE"},"_links":{"self":[{"href":"https:\/\/www.solupro.ch\/wp-json\/wp\/v2\/pages\/466","targetHints":{"allow":["GET"]}}],"collection":[{"href":"https:\/\/www.solupro.ch\/wp-json\/wp\/v2\/pages"}],"about":[{"href":"https:\/\/www.solupro.ch\/wp-json\/wp\/v2\/types\/page"}],"author":[{"embeddable":true,"href":"https:\/\/www.solupro.ch\/wp-json\/wp\/v2\/users\/3"}],"replies":[{"embeddable":true,"href":"https:\/\/www.solupro.ch\/wp-json\/wp\/v2\/comments?post=466"}],"version-history":[{"count":3,"href":"https:\/\/www.solupro.ch\/wp-json\/wp\/v2\/pages\/466\/revisions"}],"predecessor-version":[{"id":684,"href":"https:\/\/www.solupro.ch\/wp-json\/wp\/v2\/pages\/466\/revisions\/684"}],"up":[{"embeddable":true,"href":"https:\/\/www.solupro.ch\/wp-json\/wp\/v2\/pages\/462"}],"wp:attachment":[{"href":"https:\/\/www.solupro.ch\/wp-json\/wp\/v2\/media?parent=466"}],"curies":[{"name":"wp","href":"https:\/\/api.w.org\/{rel}","templated":true}]}}