{"id":473,"date":"2013-04-12T15:33:04","date_gmt":"2013-04-12T14:33:04","guid":{"rendered":"http:\/\/wp.newvibes.ch\/solupro\/?page_id=473"},"modified":"2013-04-23T21:24:36","modified_gmt":"2013-04-23T20:24:36","slug":"rechnungswese","status":"publish","type":"page","link":"https:\/\/www.solupro.ch\/de\/dienstleistungen\/geschaftsprozesse\/rechnungswese\/","title":{"rendered":"Rechnungswesen"},"content":{"rendered":"<p>Um den langfristigen Unternehmenserfolg sicherzustellen sind effiziente und effektive Prozesse ein wesentlicher Bestandteil. Oftmals wird das betriebliche Rechnungswesen stiefm\u00fctterlich behandelt, dies obwohl es genau die Kennzahlen liefern kann, welche die F\u00fchrungskr\u00e4fte im Unternehmen ben\u00f6tigen um die gesteckten Ziele zu erreichen.<\/p>\n<p>Zu wissen wo, welche Kosten entstehen ist wichtig um Verbesserungsmassnahmen zu definieren und umzusetzen. Mit bestehender und relevanter Projekterfahrungen unterst\u00fctzt Solupro ihre Kunden erfolgreich. <\/p>\n","protected":false},"excerpt":{"rendered":"<p>Um den langfristigen Unternehmenserfolg sicherzustellen sind effiziente und effektive Prozesse ein wesentlicher Bestandteil. Oftmals wird das betriebliche Rechnungswesen stiefm\u00fctterlich behandelt, dies obwohl es genau die Kennzahlen liefern kann, welche die F\u00fchrungskr\u00e4fte im Unternehmen ben\u00f6tigen um die gesteckten Ziele zu erreichen. Zu wissen wo, welche Kosten entstehen ist wichtig um Verbesserungsmassnahmen zu definieren und umzusetzen. Mit &#8230; <a title=\"Rechnungswesen\" class=\"read-more\" href=\"https:\/\/www.solupro.ch\/de\/dienstleistungen\/geschaftsprozesse\/rechnungswese\/\" aria-label=\"Mehr Informationen \u00fcber Rechnungswesen\">Weiterlesen<\/a><\/p>\n","protected":false},"author":3,"featured_media":0,"parent":276,"menu_order":0,"comment_status":"closed","ping_status":"closed","template":"","meta":{"_locale":"de_DE","_original_post":"60","footnotes":""},"class_list":{"0":"post-473","1":"page","2":"type-page","3":"status-publish","5":"de-DE"},"_links":{"self":[{"href":"https:\/\/www.solupro.ch\/wp-json\/wp\/v2\/pages\/473","targetHints":{"allow":["GET"]}}],"collection":[{"href":"https:\/\/www.solupro.ch\/wp-json\/wp\/v2\/pages"}],"about":[{"href":"https:\/\/www.solupro.ch\/wp-json\/wp\/v2\/types\/page"}],"author":[{"embeddable":true,"href":"https:\/\/www.solupro.ch\/wp-json\/wp\/v2\/users\/3"}],"replies":[{"embeddable":true,"href":"https:\/\/www.solupro.ch\/wp-json\/wp\/v2\/comments?post=473"}],"version-history":[{"count":8,"href":"https:\/\/www.solupro.ch\/wp-json\/wp\/v2\/pages\/473\/revisions"}],"predecessor-version":[{"id":723,"href":"https:\/\/www.solupro.ch\/wp-json\/wp\/v2\/pages\/473\/revisions\/723"}],"up":[{"embeddable":true,"href":"https:\/\/www.solupro.ch\/wp-json\/wp\/v2\/pages\/276"}],"wp:attachment":[{"href":"https:\/\/www.solupro.ch\/wp-json\/wp\/v2\/media?parent=473"}],"curies":[{"name":"wp","href":"https:\/\/api.w.org\/{rel}","templated":true}]}}