{"id":476,"date":"2013-04-12T15:34:37","date_gmt":"2013-04-12T14:34:37","guid":{"rendered":"http:\/\/wp.newvibes.ch\/solupro\/?page_id=476"},"modified":"2019-03-04T20:53:11","modified_gmt":"2019-03-04T19:53:11","slug":"supply-chain-management","status":"publish","type":"page","link":"https:\/\/www.solupro.ch\/de\/dienstleistungen\/supply-chain-management\/","title":{"rendered":"Supply Chain Management"},"content":{"rendered":"<p><img loading=\"lazy\" decoding=\"async\" src=\"http:\/\/wp.newvibes.ch\/solupro\/wp-content\/uploads\/sites\/4\/2013\/04\/supply-chain-management-300x132.jpg\" alt=\"supply-chain-management\" width=\"300\" height=\"132\" class=\"alignright size-medium wp-image-309\" srcset=\"https:\/\/www.solupro.ch\/wp-content\/uploads\/sites\/4\/2013\/04\/supply-chain-management-300x132.jpg 300w, https:\/\/www.solupro.ch\/wp-content\/uploads\/sites\/4\/2013\/04\/supply-chain-management-1024x453.jpg 1024w, https:\/\/www.solupro.ch\/wp-content\/uploads\/sites\/4\/2013\/04\/supply-chain-management.jpg 1038w\" sizes=\"auto, (max-width: 300px) 100vw, 300px\" \/>Aktives Supply Chain Management kann oft eine der letzten M\u00f6glichkeiten sein, betr\u00e4chtliches Wachstum f\u00fcr eine Firma zu generieren und zur Flexibilisierung der Fixkosten zu f\u00fchren. Schlanke und effektive supply chains sind selten und daher ein Ziel f\u00fcr Optimierungen.<\/p>\n<p>Solupro unterst\u00fctzt Unternehmungen beim effektiven Managen ihrer Supply Chains. Das Resultat daraus sind Verbesserungen in zentralen Metriken wie zum Beispiel Lagerumschlag.<\/p>\n\n<!-- Page-list plugin v.5.9 wordpress.org\/plugins\/page-list\/ -->\n<div class=\"page-list page-list-ext \">\n<div class=\"page-list-ext-item\"><div class=\"page-list-ext-image\"><a href=\"https:\/\/www.solupro.ch\/de\/dienstleistungen\/supply-chain-management\/interkulturelle-ausrichtung\/\" title=\"Interkulturelle Ausrichtung\"><img decoding=\"async\" src=\"https:\/\/www.solupro.ch\/wp-content\/uploads\/sites\/4\/2013\/03\/intercultural-alignment-150x150.jpg\" width=\"90\" alt=\"Interkulturelle Ausrichtung\" \/><\/a><\/div> <h3 class=\"page-list-ext-title\"><a href=\"https:\/\/www.solupro.ch\/de\/dienstleistungen\/supply-chain-management\/interkulturelle-ausrichtung\/\" title=\"Interkulturelle Ausrichtung\">Interkulturelle Ausrichtung<\/a><\/h3><div class=\"page-list-ext-item-content\">Eine effektive Supply Chain basiert unter anderem auf dem gemeinsamen Verst\u00e4ndnis von Bedingungen, Konditionen, und guter Praxis. Vor allem im internationalen Kontext kann dies auf Grund von unterschiedlichen Sprachen und Kulturen rasch zu einer betr\u00e4chtlichen Herausforderung werden. Unterschiedliches V...<\/div><\/div>\n<div class=\"page-list-ext-item\"><div class=\"page-list-ext-image\"><a href=\"https:\/\/www.solupro.ch\/de\/dienstleistungen\/supply-chain-management\/lieferantenauswahl\/\" title=\"Lieferantenauswahl\"><img decoding=\"async\" src=\"https:\/\/www.solupro.ch\/wp-content\/uploads\/sites\/4\/2013\/03\/supplier-identification-150x150.jpg\" width=\"90\" alt=\"Lieferantenauswahl\" \/><\/a><\/div> <h3 class=\"page-list-ext-title\"><a href=\"https:\/\/www.solupro.ch\/de\/dienstleistungen\/supply-chain-management\/lieferantenauswahl\/\" title=\"Lieferantenauswahl\">Lieferantenauswahl<\/a><\/h3><div class=\"page-list-ext-item-content\">Welcher Lieferant soll f\u00fcr ein delikates und hoch spezialisiertes Teil ausgew\u00e4hlt werden? Kann der Lieferant die verlangte Qualit\u00e4t fristgerecht liefern und welches sind die zugeh\u00f6rigen Risiken und Verpflichtungen? Vor allem im internationalen Kontext berichten Unternehmen von betr\u00e4chtlichen Schwierigkeiten bei ...<\/div><\/div>\n<div class=\"page-list-ext-item\"><div class=\"page-list-ext-image\"><a href=\"https:\/\/www.solupro.ch\/de\/dienstleistungen\/supply-chain-management\/lieferantenqualifizierung-und-audit\/\" title=\"Lieferantenqualifizierung und Audit\"><img decoding=\"async\" src=\"https:\/\/www.solupro.ch\/wp-content\/uploads\/sites\/4\/2013\/03\/supplier-qualification-150x150.jpg\" width=\"90\" alt=\"Lieferantenqualifizierung und Audit\" \/><\/a><\/div> <h3 class=\"page-list-ext-title\"><a href=\"https:\/\/www.solupro.ch\/de\/dienstleistungen\/supply-chain-management\/lieferantenqualifizierung-und-audit\/\" title=\"Lieferantenqualifizierung und Audit\">Lieferantenqualifizierung und Audit<\/a><\/h3><div class=\"page-list-ext-item-content\">Vor allem bei speziellen Teilen und spezialisierter Herstellung sind eine stringente Lieferantenqualifizierung und regelm\u00e4ssige Audits der gelieferten Qualit\u00e4t essentiell. Unternehmungen benennen Herausforderungen vor allem im Festlegen der korrekten Metriken sowie bei der Planung effektiver Audits u...<\/div><\/div>\n<div class=\"page-list-ext-item\"><div class=\"page-list-ext-image\"><a href=\"https:\/\/www.solupro.ch\/de\/dienstleistungen\/supply-chain-management\/lieferanten-vertrage\/\" title=\"Lieferantenvertr\u00e4ge\"><img decoding=\"async\" src=\"https:\/\/www.solupro.ch\/wp-content\/uploads\/sites\/4\/2013\/03\/supplier-contracts-150x150.jpg\" width=\"90\" alt=\"Lieferantenvertr\u00e4ge\" \/><\/a><\/div> <h3 class=\"page-list-ext-title\"><a href=\"https:\/\/www.solupro.ch\/de\/dienstleistungen\/supply-chain-management\/lieferanten-vertrage\/\" title=\"Lieferantenvertr\u00e4ge\">Lieferantenvertr\u00e4ge<\/a><\/h3><div class=\"page-list-ext-item-content\">Wenn vertragliche Bestimmungen mit Lieferanten festgelegt werden, gilt es viele m\u00f6gliche Fallstricke zu umgehen. Diese k\u00f6nnen zum Beispiel spezifische \u00dcbergabebestimmungen, gestiges Eigentum, Lieferungsprovisionen, Qualit\u00e4tsstandards, Zolldeklarationsdetails, etc. beinhalten. Fehler in der Festlegung von...<\/div><\/div>\n<div class=\"page-list-ext-item\"><div class=\"page-list-ext-image\"><a href=\"https:\/\/www.solupro.ch\/de\/dienstleistungen\/supply-chain-management\/logistikkonditionen\/\" title=\"Logistikkonditionen\"><img decoding=\"async\" src=\"https:\/\/www.solupro.ch\/wp-content\/uploads\/sites\/4\/2013\/04\/supply-chain-management-150x150.jpg\" width=\"90\" alt=\"Logistikkonditionen\" \/><\/a><\/div> <h3 class=\"page-list-ext-title\"><a href=\"https:\/\/www.solupro.ch\/de\/dienstleistungen\/supply-chain-management\/logistikkonditionen\/\" title=\"Logistikkonditionen\">Logistikkonditionen<\/a><\/h3><div class=\"page-list-ext-item-content\">Die Menge an M\u00f6glichkeiten bei der Festlegung von Logistikkonditionen kann im internationalen Kontext schnell \u00fcberw\u00e4ltigend werden. Als Resultat bleibt im besten Fall bei Logistikmanagern und Gesch\u00e4ftsleitung ein unangenehmes Gef\u00fchl, dass nicht die vorteilhaftesten Bedingungen ausgehandelt wurde. In a...<\/div><\/div>\n<div class=\"page-list-ext-item\"><div class=\"page-list-ext-image\"><a href=\"https:\/\/www.solupro.ch\/de\/dienstleistungen\/supply-chain-management\/marktuebersich\/\" title=\"Markt\u00fcbersicht\"><img decoding=\"async\" src=\"https:\/\/www.solupro.ch\/wp-content\/uploads\/sites\/4\/2013\/03\/market-overview-150x150.jpg\" width=\"90\" alt=\"Markt\u00fcbersicht\" \/><\/a><\/div> <h3 class=\"page-list-ext-title\"><a href=\"https:\/\/www.solupro.ch\/de\/dienstleistungen\/supply-chain-management\/marktuebersich\/\" title=\"Markt\u00fcbersicht\">Markt\u00fcbersicht<\/a><\/h3><div class=\"page-list-ext-item-content\">Einen relevanten Lieferanten f\u00fcr spezielle Teile auf einem unbekannten Kontinent zu identifizieren kann eine unsichere Herausforderung darstellen. Viele Firmen berichten \u00fcber erfolglose und zum Teil kostspielige Abenteuer und Gewinneinbussen als Resultat auf ungen\u00fcgende Marktanalysen zum Beispiel vo...<\/div><\/div>\n<div class=\"page-list-ext-item\"><h3 class=\"page-list-ext-title\"><a href=\"https:\/\/www.solupro.ch\/de\/dienstleistungen\/supply-chain-management\/materialbewirtschaftung\/\" title=\"Materialbewirtschaftung\">Materialbewirtschaftung<\/a><\/h3><div class=\"page-list-ext-item-content\">Wer schnell liefert und flexibel ist \u2013 gewinnt am Markt. Bestandesmanagement (gebundenes Kapital, Liquidit\u00e4t, Wertberichtigung, usw.) und Lieferzeit sind oftmals ein Zielekonflikt der besonderen Art.\r\n\r\nSolupro kennt die Problematik aus der langj\u00e4hrigen Erfahrung und bietet Ihnen das Wissen zu Ihrem Nut...<\/div><\/div>\n<div class=\"page-list-ext-item\"><div class=\"page-list-ext-image\"><a href=\"https:\/\/www.solupro.ch\/de\/dienstleistungen\/supply-chain-management\/preisverhandlungen\/\" title=\"Preisverhandlungen\"><img decoding=\"async\" src=\"https:\/\/www.solupro.ch\/wp-content\/uploads\/sites\/4\/2013\/03\/price-negotiation-150x150.jpg\" width=\"90\" alt=\"Preisverhandlungen\" \/><\/a><\/div> <h3 class=\"page-list-ext-title\"><a href=\"https:\/\/www.solupro.ch\/de\/dienstleistungen\/supply-chain-management\/preisverhandlungen\/\" title=\"Preisverhandlungen\">Preisverhandlungen<\/a><\/h3><div class=\"page-list-ext-item-content\">Der richtige Preis f\u00fcr ein Produkt generiert Profit f\u00fcr den K\u00e4ufer und sichert die nachhaltige Entwicklung beim Verk\u00e4ufer. Diese richtigen Preis zu verhandeln und festzulegen kann speziell im inter-kulturellen Rahmen eine Herausforderung darstellen. Oft f\u00fchrt ein ungen\u00fcgendes Verst\u00e4ndnis von Gesch\u00e4ftspraxis zu eine...<\/div><\/div>\n\n<\/div>\n","protected":false},"excerpt":{"rendered":"<p>Aktives Supply Chain Management kann oft eine der letzten M\u00f6glichkeiten sein, betr\u00e4chtliches Wachstum f\u00fcr eine Firma zu generieren und zur Flexibilisierung der Fixkosten zu f\u00fchren. Schlanke und effektive supply chains sind selten und daher ein Ziel f\u00fcr Optimierungen. Solupro unterst\u00fctzt Unternehmungen beim effektiven Managen ihrer Supply Chains. Das Resultat daraus sind Verbesserungen in zentralen Metriken &#8230; <a title=\"Supply Chain Management\" class=\"read-more\" href=\"https:\/\/www.solupro.ch\/de\/dienstleistungen\/supply-chain-management\/\" aria-label=\"Mehr Informationen \u00fcber Supply Chain Management\">Weiterlesen<\/a><\/p>\n","protected":false},"author":3,"featured_media":0,"parent":279,"menu_order":0,"comment_status":"closed","ping_status":"closed","template":"","meta":{"_locale":"de_DE","_original_post":"26","footnotes":""},"class_list":{"0":"post-476","1":"page","2":"type-page","3":"status-publish","5":"de-DE"},"_links":{"self":[{"href":"https:\/\/www.solupro.ch\/wp-json\/wp\/v2\/pages\/476","targetHints":{"allow":["GET"]}}],"collection":[{"href":"https:\/\/www.solupro.ch\/wp-json\/wp\/v2\/pages"}],"about":[{"href":"https:\/\/www.solupro.ch\/wp-json\/wp\/v2\/types\/page"}],"author":[{"embeddable":true,"href":"https:\/\/www.solupro.ch\/wp-json\/wp\/v2\/users\/3"}],"replies":[{"embeddable":true,"href":"https:\/\/www.solupro.ch\/wp-json\/wp\/v2\/comments?post=476"}],"version-history":[{"count":5,"href":"https:\/\/www.solupro.ch\/wp-json\/wp\/v2\/pages\/476\/revisions"}],"predecessor-version":[{"id":1142,"href":"https:\/\/www.solupro.ch\/wp-json\/wp\/v2\/pages\/476\/revisions\/1142"}],"up":[{"embeddable":true,"href":"https:\/\/www.solupro.ch\/wp-json\/wp\/v2\/pages\/279"}],"wp:attachment":[{"href":"https:\/\/www.solupro.ch\/wp-json\/wp\/v2\/media?parent=476"}],"curies":[{"name":"wp","href":"https:\/\/api.w.org\/{rel}","templated":true}]}}