{"id":486,"date":"2013-04-12T15:43:34","date_gmt":"2013-04-12T14:43:34","guid":{"rendered":"http:\/\/wp.newvibes.ch\/solupro\/?page_id=486"},"modified":"2013-04-23T21:29:38","modified_gmt":"2013-04-23T20:29:38","slug":"design-to-cost","status":"publish","type":"page","link":"https:\/\/www.solupro.ch\/de\/dienstleistungen\/produktkoste\/design-to-cost\/","title":{"rendered":"Design to Cost"},"content":{"rendered":"<p>Die Konkurrenzf\u00e4higkeit eines Produktes h\u00e4ngt wesentlich von den Herstellkosten ab. Oftmals begleitet Wunschdenken den Entwicklungsprozess und die Herstellkosten werden unrealistisch eingesch\u00e4tzt. Im Wissen, dass je nach Produkt 60 \u2013 80% der Herstellkosten in der Entwicklung festgelegt werden, erh\u00e4lt dieser Schritt eine ganz besondere Bedeutung!<\/p>\n<p>Basierend auf langj\u00e4hriger Erfahrung und Netzwerken kann Solupro Ihre Projekte unterst\u00fctzend begleiten.<\/p>\n","protected":false},"excerpt":{"rendered":"<p>Die Konkurrenzf\u00e4higkeit eines Produktes h\u00e4ngt wesentlich von den Herstellkosten ab. Oftmals begleitet Wunschdenken den Entwicklungsprozess und die Herstellkosten werden unrealistisch eingesch\u00e4tzt. Im Wissen, dass je nach Produkt 60 \u2013 80% der Herstellkosten in der Entwicklung festgelegt werden, erh\u00e4lt dieser Schritt eine ganz besondere Bedeutung! Basierend auf langj\u00e4hriger Erfahrung und Netzwerken kann Solupro Ihre Projekte unterst\u00fctzend &#8230; <a title=\"Design to Cost\" class=\"read-more\" href=\"https:\/\/www.solupro.ch\/de\/dienstleistungen\/produktkoste\/design-to-cost\/\" aria-label=\"Mehr Informationen \u00fcber Design to Cost\">Weiterlesen<\/a><\/p>\n","protected":false},"author":3,"featured_media":0,"parent":485,"menu_order":0,"comment_status":"closed","ping_status":"closed","template":"","meta":{"_locale":"de_DE","_original_post":"72","footnotes":""},"class_list":{"0":"post-486","1":"page","2":"type-page","3":"status-publish","5":"de-DE"},"_links":{"self":[{"href":"https:\/\/www.solupro.ch\/wp-json\/wp\/v2\/pages\/486","targetHints":{"allow":["GET"]}}],"collection":[{"href":"https:\/\/www.solupro.ch\/wp-json\/wp\/v2\/pages"}],"about":[{"href":"https:\/\/www.solupro.ch\/wp-json\/wp\/v2\/types\/page"}],"author":[{"embeddable":true,"href":"https:\/\/www.solupro.ch\/wp-json\/wp\/v2\/users\/3"}],"replies":[{"embeddable":true,"href":"https:\/\/www.solupro.ch\/wp-json\/wp\/v2\/comments?post=486"}],"version-history":[{"count":3,"href":"https:\/\/www.solupro.ch\/wp-json\/wp\/v2\/pages\/486\/revisions"}],"predecessor-version":[{"id":728,"href":"https:\/\/www.solupro.ch\/wp-json\/wp\/v2\/pages\/486\/revisions\/728"}],"up":[{"embeddable":true,"href":"https:\/\/www.solupro.ch\/wp-json\/wp\/v2\/pages\/485"}],"wp:attachment":[{"href":"https:\/\/www.solupro.ch\/wp-json\/wp\/v2\/media?parent=486"}],"curies":[{"name":"wp","href":"https:\/\/api.w.org\/{rel}","templated":true}]}}