{"id":488,"date":"2013-04-12T15:48:43","date_gmt":"2013-04-12T14:48:43","guid":{"rendered":"http:\/\/wp.newvibes.ch\/solupro\/?page_id=488"},"modified":"2013-04-28T10:36:53","modified_gmt":"2013-04-28T09:36:53","slug":"fabrikationsgerechte-konstruktion","status":"publish","type":"page","link":"https:\/\/www.solupro.ch\/de\/dienstleistungen\/produktkoste\/fabrikationsgerechte-konstruktion\/","title":{"rendered":"Fabrkationsgerechte Konstruktion \/ Wertanalyse"},"content":{"rendered":"<p>Die fertigungsgerechte Konstruktion vereinfacht den Herstellprozess und erh\u00f6ht die Prozesssicherheit!<br \/>\nDiese wurde schon 1947 erkannt: \u201enicht die Kosten des eingekauften Materials sind das Problem, sondern das Erreichen der niedrigsten Kosten f\u00fcr die vom Kunden gew\u00fcnschten Funktionen in einem Produkt\u201c (Larry D. Miles).<\/p>\n<p>Wertanalyse-Projekte k\u00f6nnen bis dato nicht ausgesch\u00f6pfte Potenziale bei Ihren Mitarbeitern freisetzen und den Teamarbeits-Prozess positiv beeinflussen und f\u00f6rdern. Solupro kann Sie in diesem kreativen Prozess zur Wertsteigerung Ihrer Produkte unterst\u00fctzen und die Motivation Ihrer Mitarbeiter f\u00f6rdern!<\/p>\n","protected":false},"excerpt":{"rendered":"<p>Die fertigungsgerechte Konstruktion vereinfacht den Herstellprozess und erh\u00f6ht die Prozesssicherheit! Diese wurde schon 1947 erkannt: \u201enicht die Kosten des eingekauften Materials sind das Problem, sondern das Erreichen der niedrigsten Kosten f\u00fcr die vom Kunden gew\u00fcnschten Funktionen in einem Produkt\u201c (Larry D. Miles). Wertanalyse-Projekte k\u00f6nnen bis dato nicht ausgesch\u00f6pfte Potenziale bei Ihren Mitarbeitern freisetzen und den &#8230; <a title=\"Fabrkationsgerechte Konstruktion \/ Wertanalyse\" class=\"read-more\" href=\"https:\/\/www.solupro.ch\/de\/dienstleistungen\/produktkoste\/fabrikationsgerechte-konstruktion\/\" aria-label=\"Mehr Informationen \u00fcber Fabrkationsgerechte Konstruktion \/ Wertanalyse\">Weiterlesen<\/a><\/p>\n","protected":false},"author":3,"featured_media":0,"parent":485,"menu_order":0,"comment_status":"closed","ping_status":"closed","template":"","meta":{"_locale":"de_DE","_original_post":"74","footnotes":""},"class_list":{"0":"post-488","1":"page","2":"type-page","3":"status-publish","5":"de-DE"},"_links":{"self":[{"href":"https:\/\/www.solupro.ch\/wp-json\/wp\/v2\/pages\/488","targetHints":{"allow":["GET"]}}],"collection":[{"href":"https:\/\/www.solupro.ch\/wp-json\/wp\/v2\/pages"}],"about":[{"href":"https:\/\/www.solupro.ch\/wp-json\/wp\/v2\/types\/page"}],"author":[{"embeddable":true,"href":"https:\/\/www.solupro.ch\/wp-json\/wp\/v2\/users\/3"}],"replies":[{"embeddable":true,"href":"https:\/\/www.solupro.ch\/wp-json\/wp\/v2\/comments?post=488"}],"version-history":[{"count":5,"href":"https:\/\/www.solupro.ch\/wp-json\/wp\/v2\/pages\/488\/revisions"}],"predecessor-version":[{"id":788,"href":"https:\/\/www.solupro.ch\/wp-json\/wp\/v2\/pages\/488\/revisions\/788"}],"up":[{"embeddable":true,"href":"https:\/\/www.solupro.ch\/wp-json\/wp\/v2\/pages\/485"}],"wp:attachment":[{"href":"https:\/\/www.solupro.ch\/wp-json\/wp\/v2\/media?parent=488"}],"curies":[{"name":"wp","href":"https:\/\/api.w.org\/{rel}","templated":true}]}}