{"id":609,"date":"2013-04-13T17:38:43","date_gmt":"2013-04-13T16:38:43","guid":{"rendered":"http:\/\/wp.newvibes.ch\/solupro\/?page_id=609"},"modified":"2019-03-04T21:00:39","modified_gmt":"2019-03-04T20:00:39","slug":"marktuebersich","status":"publish","type":"page","link":"https:\/\/www.solupro.ch\/de\/dienstleistungen\/supply-chain-management\/marktuebersich\/","title":{"rendered":"Markt\u00fcbersicht"},"content":{"rendered":"<p><img loading=\"lazy\" decoding=\"async\" class=\"alignright size-medium wp-image-607\" src=\"https:\/\/www.solupro.ch\/wp-content\/uploads\/sites\/4\/2013\/03\/market-overview-300x132.jpg\" alt=\"\" width=\"300\" height=\"132\" srcset=\"https:\/\/www.solupro.ch\/wp-content\/uploads\/sites\/4\/2013\/03\/market-overview-300x132.jpg 300w, https:\/\/www.solupro.ch\/wp-content\/uploads\/sites\/4\/2013\/03\/market-overview-1024x453.jpg 1024w, https:\/\/www.solupro.ch\/wp-content\/uploads\/sites\/4\/2013\/03\/market-overview.jpg 1038w\" sizes=\"auto, (max-width: 300px) 100vw, 300px\" \/>Einen relevanten Lieferanten f\u00fcr spezielle Teile auf einem unbekannten Kontinent zu identifizieren kann eine unsichere Herausforderung darstellen. Viele Firmen berichten \u00fcber erfolglose und zum Teil kostspielige Abenteuer und Gewinneinbussen als Resultat auf ungen\u00fcgende Marktanalysen zum Beispiel vor der Festlegung eines Vertrages mit einem Lieferanten.<\/p>\n<p>Solupro kann einen messbaren Vorteil bieten, in dem auf der Basis eines bestehenden Netzwerks von Gesch\u00e4ftskontakten lokale asiatische oder europ\u00e4ische M\u00e4rkte analysiert werden. Das Resultat f\u00fcr Kunden ist eine gute Partnerschaft mit dem Lieferanten und ein Beweis, dass die Partnerauswahl korrekt ist.<\/p>\n","protected":false},"excerpt":{"rendered":"<p>Einen relevanten Lieferanten f\u00fcr spezielle Teile auf einem unbekannten Kontinent zu identifizieren kann eine unsichere Herausforderung darstellen. Viele Firmen berichten \u00fcber erfolglose und zum Teil kostspielige Abenteuer und Gewinneinbussen als Resultat auf ungen\u00fcgende Marktanalysen zum Beispiel vor der Festlegung eines Vertrages mit einem Lieferanten. Solupro kann einen messbaren Vorteil bieten, in dem auf der Basis &#8230; <a title=\"Markt\u00fcbersicht\" class=\"read-more\" href=\"https:\/\/www.solupro.ch\/de\/dienstleistungen\/supply-chain-management\/marktuebersich\/\" aria-label=\"Mehr Informationen \u00fcber Markt\u00fcbersicht\">Weiterlesen<\/a><\/p>\n","protected":false},"author":3,"featured_media":607,"parent":476,"menu_order":0,"comment_status":"closed","ping_status":"closed","template":"","meta":{"_locale":"de_DE","_original_post":"100","footnotes":""},"class_list":{"0":"post-609","1":"page","2":"type-page","3":"status-publish","4":"has-post-thumbnail","6":"de-DE"},"_links":{"self":[{"href":"https:\/\/www.solupro.ch\/wp-json\/wp\/v2\/pages\/609","targetHints":{"allow":["GET"]}}],"collection":[{"href":"https:\/\/www.solupro.ch\/wp-json\/wp\/v2\/pages"}],"about":[{"href":"https:\/\/www.solupro.ch\/wp-json\/wp\/v2\/types\/page"}],"author":[{"embeddable":true,"href":"https:\/\/www.solupro.ch\/wp-json\/wp\/v2\/users\/3"}],"replies":[{"embeddable":true,"href":"https:\/\/www.solupro.ch\/wp-json\/wp\/v2\/comments?post=609"}],"version-history":[{"count":3,"href":"https:\/\/www.solupro.ch\/wp-json\/wp\/v2\/pages\/609\/revisions"}],"predecessor-version":[{"id":1151,"href":"https:\/\/www.solupro.ch\/wp-json\/wp\/v2\/pages\/609\/revisions\/1151"}],"up":[{"embeddable":true,"href":"https:\/\/www.solupro.ch\/wp-json\/wp\/v2\/pages\/476"}],"wp:featuredmedia":[{"embeddable":true,"href":"https:\/\/www.solupro.ch\/wp-json\/wp\/v2\/media\/607"}],"wp:attachment":[{"href":"https:\/\/www.solupro.ch\/wp-json\/wp\/v2\/media?parent=609"}],"curies":[{"name":"wp","href":"https:\/\/api.w.org\/{rel}","templated":true}]}}