{"id":613,"date":"2013-04-13T17:39:38","date_gmt":"2013-04-13T16:39:38","guid":{"rendered":"http:\/\/wp.newvibes.ch\/solupro\/?page_id=613"},"modified":"2019-03-04T21:00:34","modified_gmt":"2019-03-04T20:00:34","slug":"preisverhandlungen","status":"publish","type":"page","link":"https:\/\/www.solupro.ch\/de\/dienstleistungen\/supply-chain-management\/preisverhandlungen\/","title":{"rendered":"Preisverhandlungen"},"content":{"rendered":"<p><img loading=\"lazy\" decoding=\"async\" class=\"alignright size-medium wp-image-610\" src=\"https:\/\/www.solupro.ch\/wp-content\/uploads\/sites\/4\/2013\/03\/price-negotiation-300x132.jpg\" alt=\"\" width=\"300\" height=\"132\" srcset=\"https:\/\/www.solupro.ch\/wp-content\/uploads\/sites\/4\/2013\/03\/price-negotiation-300x132.jpg 300w, https:\/\/www.solupro.ch\/wp-content\/uploads\/sites\/4\/2013\/03\/price-negotiation-1024x453.jpg 1024w, https:\/\/www.solupro.ch\/wp-content\/uploads\/sites\/4\/2013\/03\/price-negotiation.jpg 1038w\" sizes=\"auto, (max-width: 300px) 100vw, 300px\" \/>Der richtige Preis f\u00fcr ein Produkt generiert Profit f\u00fcr den K\u00e4ufer und sichert die nachhaltige Entwicklung beim Verk\u00e4ufer. Diese richtigen Preis zu verhandeln und festzulegen kann speziell im inter-kulturellen Rahmen eine Herausforderung darstellen. Oft f\u00fchrt ein ungen\u00fcgendes Verst\u00e4ndnis von Gesch\u00e4ftspraxis zu einem suboptimalen Resultat von Preisverhandlungen.<\/p>\n<p>Solupro f\u00fchrt Preisverhandlungen sowohl mit relevanter Praxiserfahrung als auch mit einem relevanten Netzwerk an Gesch\u00e4ftskontakten um den offerierten Preis einem Realit\u00e4tscheck auf dm Markt zu unterziehen. Das Resultat ist eine nachhaltigere Beziehung zum Lieferanten und ein gesicherter und verl\u00e4sslicher Strom von Lieferungen.<\/p>\n","protected":false},"excerpt":{"rendered":"<p>Der richtige Preis f\u00fcr ein Produkt generiert Profit f\u00fcr den K\u00e4ufer und sichert die nachhaltige Entwicklung beim Verk\u00e4ufer. Diese richtigen Preis zu verhandeln und festzulegen kann speziell im inter-kulturellen Rahmen eine Herausforderung darstellen. Oft f\u00fchrt ein ungen\u00fcgendes Verst\u00e4ndnis von Gesch\u00e4ftspraxis zu einem suboptimalen Resultat von Preisverhandlungen. Solupro f\u00fchrt Preisverhandlungen sowohl mit relevanter Praxiserfahrung als auch &#8230; <a title=\"Preisverhandlungen\" class=\"read-more\" href=\"https:\/\/www.solupro.ch\/de\/dienstleistungen\/supply-chain-management\/preisverhandlungen\/\" aria-label=\"Mehr Informationen \u00fcber Preisverhandlungen\">Weiterlesen<\/a><\/p>\n","protected":false},"author":3,"featured_media":610,"parent":476,"menu_order":0,"comment_status":"closed","ping_status":"closed","template":"","meta":{"_locale":"de_DE","_original_post":"104","footnotes":""},"class_list":{"0":"post-613","1":"page","2":"type-page","3":"status-publish","4":"has-post-thumbnail","6":"de-DE"},"_links":{"self":[{"href":"https:\/\/www.solupro.ch\/wp-json\/wp\/v2\/pages\/613","targetHints":{"allow":["GET"]}}],"collection":[{"href":"https:\/\/www.solupro.ch\/wp-json\/wp\/v2\/pages"}],"about":[{"href":"https:\/\/www.solupro.ch\/wp-json\/wp\/v2\/types\/page"}],"author":[{"embeddable":true,"href":"https:\/\/www.solupro.ch\/wp-json\/wp\/v2\/users\/3"}],"replies":[{"embeddable":true,"href":"https:\/\/www.solupro.ch\/wp-json\/wp\/v2\/comments?post=613"}],"version-history":[{"count":5,"href":"https:\/\/www.solupro.ch\/wp-json\/wp\/v2\/pages\/613\/revisions"}],"predecessor-version":[{"id":1150,"href":"https:\/\/www.solupro.ch\/wp-json\/wp\/v2\/pages\/613\/revisions\/1150"}],"up":[{"embeddable":true,"href":"https:\/\/www.solupro.ch\/wp-json\/wp\/v2\/pages\/476"}],"wp:featuredmedia":[{"embeddable":true,"href":"https:\/\/www.solupro.ch\/wp-json\/wp\/v2\/media\/610"}],"wp:attachment":[{"href":"https:\/\/www.solupro.ch\/wp-json\/wp\/v2\/media?parent=613"}],"curies":[{"name":"wp","href":"https:\/\/api.w.org\/{rel}","templated":true}]}}