{"id":617,"date":"2013-04-13T17:40:29","date_gmt":"2013-04-13T16:40:29","guid":{"rendered":"http:\/\/wp.newvibes.ch\/solupro\/?page_id=617"},"modified":"2019-03-04T21:00:50","modified_gmt":"2019-03-04T20:00:50","slug":"lieferanten-vertrage","status":"publish","type":"page","link":"https:\/\/www.solupro.ch\/de\/dienstleistungen\/supply-chain-management\/lieferanten-vertrage\/","title":{"rendered":"Lieferantenvertr\u00e4ge"},"content":{"rendered":"<p><img loading=\"lazy\" decoding=\"async\" class=\"alignright size-medium wp-image-614\" src=\"https:\/\/www.solupro.ch\/wp-content\/uploads\/sites\/4\/2013\/03\/supplier-contracts-300x132.jpg\" alt=\"\" width=\"300\" height=\"132\" srcset=\"https:\/\/www.solupro.ch\/wp-content\/uploads\/sites\/4\/2013\/03\/supplier-contracts-300x132.jpg 300w, https:\/\/www.solupro.ch\/wp-content\/uploads\/sites\/4\/2013\/03\/supplier-contracts-1024x453.jpg 1024w, https:\/\/www.solupro.ch\/wp-content\/uploads\/sites\/4\/2013\/03\/supplier-contracts.jpg 1038w\" sizes=\"auto, (max-width: 300px) 100vw, 300px\" \/>Wenn vertragliche Bestimmungen mit Lieferanten festgelegt werden, gilt es viele m\u00f6gliche Fallstricke zu umgehen. Diese k\u00f6nnen zum Beispiel spezifische \u00dcbergabebestimmungen, gestiges Eigentum, Lieferungsprovisionen, Qualit\u00e4tsstandards, Zolldeklarationsdetails, etc. beinhalten. Fehler in der Festlegung von Vertragsdetails in einem oder mehrerer dieser Bereiche kann in falschen, versp\u00e4teten oder \u00fcberteuerten Lieferungen, schlechter Qualit\u00e4t oder anderen unerw\u00fcnschten Resultaten enden.<\/p>\n<p>Solupro versteht und adressiert diese Herausforderungen auf der Basis von langj\u00e4hriger Erfahrung in der Produktionsindustrie. Best Practices bilden die Basis von solchen Vereinbarungen. Kunden profitieren von einer Entlastung bez\u00fcglich ihrer spezifischen Lieferantenvertr\u00e4ge und dem guten Verst\u00e4ndnis, dass die besten Bedingungen vereinbart wurden.<\/p>\n","protected":false},"excerpt":{"rendered":"<p>Wenn vertragliche Bestimmungen mit Lieferanten festgelegt werden, gilt es viele m\u00f6gliche Fallstricke zu umgehen. Diese k\u00f6nnen zum Beispiel spezifische \u00dcbergabebestimmungen, gestiges Eigentum, Lieferungsprovisionen, Qualit\u00e4tsstandards, Zolldeklarationsdetails, etc. beinhalten. Fehler in der Festlegung von Vertragsdetails in einem oder mehrerer dieser Bereiche kann in falschen, versp\u00e4teten oder \u00fcberteuerten Lieferungen, schlechter Qualit\u00e4t oder anderen unerw\u00fcnschten Resultaten enden. Solupro versteht &#8230; <a title=\"Lieferantenvertr\u00e4ge\" class=\"read-more\" href=\"https:\/\/www.solupro.ch\/de\/dienstleistungen\/supply-chain-management\/lieferanten-vertrage\/\" aria-label=\"Mehr Informationen \u00fcber Lieferantenvertr\u00e4ge\">Weiterlesen<\/a><\/p>\n","protected":false},"author":3,"featured_media":614,"parent":476,"menu_order":0,"comment_status":"closed","ping_status":"closed","template":"","meta":{"_locale":"de_DE","_original_post":"106","footnotes":""},"class_list":{"0":"post-617","1":"page","2":"type-page","3":"status-publish","4":"has-post-thumbnail","6":"de-DE"},"_links":{"self":[{"href":"https:\/\/www.solupro.ch\/wp-json\/wp\/v2\/pages\/617","targetHints":{"allow":["GET"]}}],"collection":[{"href":"https:\/\/www.solupro.ch\/wp-json\/wp\/v2\/pages"}],"about":[{"href":"https:\/\/www.solupro.ch\/wp-json\/wp\/v2\/types\/page"}],"author":[{"embeddable":true,"href":"https:\/\/www.solupro.ch\/wp-json\/wp\/v2\/users\/3"}],"replies":[{"embeddable":true,"href":"https:\/\/www.solupro.ch\/wp-json\/wp\/v2\/comments?post=617"}],"version-history":[{"count":4,"href":"https:\/\/www.solupro.ch\/wp-json\/wp\/v2\/pages\/617\/revisions"}],"predecessor-version":[{"id":1153,"href":"https:\/\/www.solupro.ch\/wp-json\/wp\/v2\/pages\/617\/revisions\/1153"}],"up":[{"embeddable":true,"href":"https:\/\/www.solupro.ch\/wp-json\/wp\/v2\/pages\/476"}],"wp:featuredmedia":[{"embeddable":true,"href":"https:\/\/www.solupro.ch\/wp-json\/wp\/v2\/media\/614"}],"wp:attachment":[{"href":"https:\/\/www.solupro.ch\/wp-json\/wp\/v2\/media?parent=617"}],"curies":[{"name":"wp","href":"https:\/\/api.w.org\/{rel}","templated":true}]}}