{"id":621,"date":"2013-04-13T17:41:23","date_gmt":"2013-04-13T16:41:23","guid":{"rendered":"http:\/\/wp.newvibes.ch\/solupro\/?page_id=621"},"modified":"2019-03-04T21:00:55","modified_gmt":"2019-03-04T20:00:55","slug":"lieferantenqualifizierung-und-audit","status":"publish","type":"page","link":"https:\/\/www.solupro.ch\/de\/dienstleistungen\/supply-chain-management\/lieferantenqualifizierung-und-audit\/","title":{"rendered":"Lieferantenqualifizierung und Audit"},"content":{"rendered":"<p><img loading=\"lazy\" decoding=\"async\" class=\"alignright size-medium wp-image-619\" src=\"https:\/\/www.solupro.ch\/wp-content\/uploads\/sites\/4\/2013\/03\/supplier-qualification-300x132.jpg\" alt=\"\" width=\"300\" height=\"132\" srcset=\"https:\/\/www.solupro.ch\/wp-content\/uploads\/sites\/4\/2013\/03\/supplier-qualification-300x132.jpg 300w, https:\/\/www.solupro.ch\/wp-content\/uploads\/sites\/4\/2013\/03\/supplier-qualification-1024x453.jpg 1024w, https:\/\/www.solupro.ch\/wp-content\/uploads\/sites\/4\/2013\/03\/supplier-qualification.jpg 1038w\" sizes=\"auto, (max-width: 300px) 100vw, 300px\" \/>Vor allem bei speziellen Teilen und spezialisierter Herstellung sind eine stringente Lieferantenqualifizierung und regelm\u00e4ssige Audits der gelieferten Qualit\u00e4t essentiell. Unternehmungen benennen Herausforderungen vor allem im Festlegen der korrekten Metriken sowie bei der Planung effektiver Audits und Re-Qualifizierungen.<\/p>\n<p>Eine fehlende Qualifizierung und mangelhafte systematische Audits k\u00f6nnen oft zu betr\u00e4chtlichen Verlusten f\u00fchren, da unzureichende Qualit\u00e4t kostenintensive Gew\u00e4hrleistungsanspr\u00fcche zur Folge haben kann.<\/p>\n<p>Solupro f\u00fchrt Kunden zu korrekten Qualifizierungs-Metriken und unterst\u00fctzt regelm\u00e4ssige Audits. Auf der Basis von umfassender Erfahrung in der industriellen Fertigung profitieren Kunden von einem effizienten Prozess und messbaren Resultaten.<\/p>\n","protected":false},"excerpt":{"rendered":"<p>Vor allem bei speziellen Teilen und spezialisierter Herstellung sind eine stringente Lieferantenqualifizierung und regelm\u00e4ssige Audits der gelieferten Qualit\u00e4t essentiell. Unternehmungen benennen Herausforderungen vor allem im Festlegen der korrekten Metriken sowie bei der Planung effektiver Audits und Re-Qualifizierungen. Eine fehlende Qualifizierung und mangelhafte systematische Audits k\u00f6nnen oft zu betr\u00e4chtlichen Verlusten f\u00fchren, da unzureichende Qualit\u00e4t kostenintensive Gew\u00e4hrleistungsanspr\u00fcche &#8230; <a title=\"Lieferantenqualifizierung und Audit\" class=\"read-more\" href=\"https:\/\/www.solupro.ch\/de\/dienstleistungen\/supply-chain-management\/lieferantenqualifizierung-und-audit\/\" aria-label=\"Mehr Informationen \u00fcber Lieferantenqualifizierung und Audit\">Weiterlesen<\/a><\/p>\n","protected":false},"author":3,"featured_media":619,"parent":476,"menu_order":0,"comment_status":"closed","ping_status":"closed","template":"","meta":{"_locale":"de_DE","_original_post":"111","footnotes":""},"class_list":{"0":"post-621","1":"page","2":"type-page","3":"status-publish","4":"has-post-thumbnail","6":"de-DE"},"_links":{"self":[{"href":"https:\/\/www.solupro.ch\/wp-json\/wp\/v2\/pages\/621","targetHints":{"allow":["GET"]}}],"collection":[{"href":"https:\/\/www.solupro.ch\/wp-json\/wp\/v2\/pages"}],"about":[{"href":"https:\/\/www.solupro.ch\/wp-json\/wp\/v2\/types\/page"}],"author":[{"embeddable":true,"href":"https:\/\/www.solupro.ch\/wp-json\/wp\/v2\/users\/3"}],"replies":[{"embeddable":true,"href":"https:\/\/www.solupro.ch\/wp-json\/wp\/v2\/comments?post=621"}],"version-history":[{"count":6,"href":"https:\/\/www.solupro.ch\/wp-json\/wp\/v2\/pages\/621\/revisions"}],"predecessor-version":[{"id":1154,"href":"https:\/\/www.solupro.ch\/wp-json\/wp\/v2\/pages\/621\/revisions\/1154"}],"up":[{"embeddable":true,"href":"https:\/\/www.solupro.ch\/wp-json\/wp\/v2\/pages\/476"}],"wp:featuredmedia":[{"embeddable":true,"href":"https:\/\/www.solupro.ch\/wp-json\/wp\/v2\/media\/619"}],"wp:attachment":[{"href":"https:\/\/www.solupro.ch\/wp-json\/wp\/v2\/media?parent=621"}],"curies":[{"name":"wp","href":"https:\/\/api.w.org\/{rel}","templated":true}]}}