{"id":630,"date":"2013-04-13T17:45:44","date_gmt":"2013-04-13T16:45:44","guid":{"rendered":"http:\/\/wp.newvibes.ch\/solupro\/?page_id=630"},"modified":"2019-03-04T21:00:44","modified_gmt":"2019-03-04T20:00:44","slug":"logistikkonditionen","status":"publish","type":"page","link":"https:\/\/www.solupro.ch\/de\/dienstleistungen\/supply-chain-management\/logistikkonditionen\/","title":{"rendered":"Logistikkonditionen"},"content":{"rendered":"<p><img loading=\"lazy\" decoding=\"async\" class=\"alignright size-medium wp-image-309\" src=\"https:\/\/www.solupro.ch\/wp-content\/uploads\/sites\/4\/2013\/04\/supply-chain-management-300x132.jpg\" alt=\"\" width=\"300\" height=\"132\" srcset=\"https:\/\/www.solupro.ch\/wp-content\/uploads\/sites\/4\/2013\/04\/supply-chain-management-300x132.jpg 300w, https:\/\/www.solupro.ch\/wp-content\/uploads\/sites\/4\/2013\/04\/supply-chain-management-1024x453.jpg 1024w, https:\/\/www.solupro.ch\/wp-content\/uploads\/sites\/4\/2013\/04\/supply-chain-management.jpg 1038w\" sizes=\"auto, (max-width: 300px) 100vw, 300px\" \/>Die Menge an M\u00f6glichkeiten bei der Festlegung von Logistikkonditionen kann im internationalen Kontext schnell \u00fcberw\u00e4ltigend werden. Als Resultat bleibt im besten Fall bei Logistikmanagern und Gesch\u00e4ftsleitung ein unangenehmes Gef\u00fchl, dass nicht die vorteilhaftesten Bedingungen ausgehandelt wurde. In anderen F\u00e4llen k\u00f6nnen substantielle Kosten auf ein Unternehmen zukommen in Zusammenhang mit G\u00fctern, welche in ungen\u00fcgender Qualit\u00e4t, versp\u00e4tet, \u00fcber Budget oder verbunden mit teuren Handling- oder Zollkosten geliefert werden.<\/p>\n<p>Solupro l\u00f6st diese Herausforderungen basierend auf relevanter Industrierfahrung und Best Practices f\u00fcr internationale Logistikunterfangen. Kunden profitieren von verbesserter Transparenz und vorteilhafteren, wie auch verl\u00e4sslicheren Konditionen f\u00fcr Logistikunternehmungen.<\/p>\n","protected":false},"excerpt":{"rendered":"<p>Die Menge an M\u00f6glichkeiten bei der Festlegung von Logistikkonditionen kann im internationalen Kontext schnell \u00fcberw\u00e4ltigend werden. Als Resultat bleibt im besten Fall bei Logistikmanagern und Gesch\u00e4ftsleitung ein unangenehmes Gef\u00fchl, dass nicht die vorteilhaftesten Bedingungen ausgehandelt wurde. In anderen F\u00e4llen k\u00f6nnen substantielle Kosten auf ein Unternehmen zukommen in Zusammenhang mit G\u00fctern, welche in ungen\u00fcgender Qualit\u00e4t, versp\u00e4tet, &#8230; <a title=\"Logistikkonditionen\" class=\"read-more\" href=\"https:\/\/www.solupro.ch\/de\/dienstleistungen\/supply-chain-management\/logistikkonditionen\/\" aria-label=\"Mehr Informationen \u00fcber Logistikkonditionen\">Weiterlesen<\/a><\/p>\n","protected":false},"author":3,"featured_media":309,"parent":476,"menu_order":0,"comment_status":"closed","ping_status":"closed","template":"","meta":{"_locale":"de_DE","_original_post":"98","footnotes":""},"class_list":{"0":"post-630","1":"page","2":"type-page","3":"status-publish","4":"has-post-thumbnail","6":"de-DE"},"_links":{"self":[{"href":"https:\/\/www.solupro.ch\/wp-json\/wp\/v2\/pages\/630","targetHints":{"allow":["GET"]}}],"collection":[{"href":"https:\/\/www.solupro.ch\/wp-json\/wp\/v2\/pages"}],"about":[{"href":"https:\/\/www.solupro.ch\/wp-json\/wp\/v2\/types\/page"}],"author":[{"embeddable":true,"href":"https:\/\/www.solupro.ch\/wp-json\/wp\/v2\/users\/3"}],"replies":[{"embeddable":true,"href":"https:\/\/www.solupro.ch\/wp-json\/wp\/v2\/comments?post=630"}],"version-history":[{"count":3,"href":"https:\/\/www.solupro.ch\/wp-json\/wp\/v2\/pages\/630\/revisions"}],"predecessor-version":[{"id":1152,"href":"https:\/\/www.solupro.ch\/wp-json\/wp\/v2\/pages\/630\/revisions\/1152"}],"up":[{"embeddable":true,"href":"https:\/\/www.solupro.ch\/wp-json\/wp\/v2\/pages\/476"}],"wp:featuredmedia":[{"embeddable":true,"href":"https:\/\/www.solupro.ch\/wp-json\/wp\/v2\/media\/309"}],"wp:attachment":[{"href":"https:\/\/www.solupro.ch\/wp-json\/wp\/v2\/media?parent=630"}],"curies":[{"name":"wp","href":"https:\/\/api.w.org\/{rel}","templated":true}]}}