{"id":742,"date":"2013-04-23T21:46:50","date_gmt":"2013-04-23T20:46:50","guid":{"rendered":"http:\/\/wp.newvibes.ch\/solupro\/?page_id=742"},"modified":"2013-04-23T21:53:57","modified_gmt":"2013-04-23T20:53:57","slug":"kostenreduzierung","status":"publish","type":"page","link":"https:\/\/www.solupro.ch\/de\/dienstleistungen\/spezialprojekte\/kostenreduzierung\/","title":{"rendered":"Kostenreduzierung"},"content":{"rendered":"<p>Die Voraussetzungen, Verbesserungspotentiale zu finden um Kosten reduzieren zu k\u00f6nnen, sind oft nicht vorhanden. Mangelnde Information oder fehlende Instrumente k\u00f6nnen die Ursache der ungen\u00fcgenden Kosteneffizienz im Unternehmen sein. Klare Plan- und Zielwerte, geeignete Instrumente zur Ermittlung der Werte sind nur einige der m\u00f6glichen Ansatzpunkte.<\/p>\n<p>Solupro erstellt gemeinsam mit Kunden ein Cockpit zur sicheren F\u00fchrung der Projekte.<\/p>\n","protected":false},"excerpt":{"rendered":"<p>Die Voraussetzungen, Verbesserungspotentiale zu finden um Kosten reduzieren zu k\u00f6nnen, sind oft nicht vorhanden. Mangelnde Information oder fehlende Instrumente k\u00f6nnen die Ursache der ungen\u00fcgenden Kosteneffizienz im Unternehmen sein. Klare Plan- und Zielwerte, geeignete Instrumente zur Ermittlung der Werte sind nur einige der m\u00f6glichen Ansatzpunkte. Solupro erstellt gemeinsam mit Kunden ein Cockpit zur sicheren F\u00fchrung der &#8230; <a title=\"Kostenreduzierung\" class=\"read-more\" href=\"https:\/\/www.solupro.ch\/de\/dienstleistungen\/spezialprojekte\/kostenreduzierung\/\" aria-label=\"Mehr Informationen \u00fcber Kostenreduzierung\">Weiterlesen<\/a><\/p>\n","protected":false},"author":3,"featured_media":0,"parent":739,"menu_order":0,"comment_status":"closed","ping_status":"closed","template":"","meta":{"_locale":"de_DE","_original_post":"90","footnotes":""},"class_list":{"0":"post-742","1":"page","2":"type-page","3":"status-publish","5":"de-DE"},"_links":{"self":[{"href":"https:\/\/www.solupro.ch\/wp-json\/wp\/v2\/pages\/742","targetHints":{"allow":["GET"]}}],"collection":[{"href":"https:\/\/www.solupro.ch\/wp-json\/wp\/v2\/pages"}],"about":[{"href":"https:\/\/www.solupro.ch\/wp-json\/wp\/v2\/types\/page"}],"author":[{"embeddable":true,"href":"https:\/\/www.solupro.ch\/wp-json\/wp\/v2\/users\/3"}],"replies":[{"embeddable":true,"href":"https:\/\/www.solupro.ch\/wp-json\/wp\/v2\/comments?post=742"}],"version-history":[{"count":2,"href":"https:\/\/www.solupro.ch\/wp-json\/wp\/v2\/pages\/742\/revisions"}],"predecessor-version":[{"id":752,"href":"https:\/\/www.solupro.ch\/wp-json\/wp\/v2\/pages\/742\/revisions\/752"}],"up":[{"embeddable":true,"href":"https:\/\/www.solupro.ch\/wp-json\/wp\/v2\/pages\/739"}],"wp:attachment":[{"href":"https:\/\/www.solupro.ch\/wp-json\/wp\/v2\/media?parent=742"}],"curies":[{"name":"wp","href":"https:\/\/api.w.org\/{rel}","templated":true}]}}