{"id":797,"date":"2013-04-30T21:05:51","date_gmt":"2013-04-30T20:05:51","guid":{"rendered":"http:\/\/wp.newvibes.ch\/solupro\/?page_id=797"},"modified":"2019-11-07T21:58:05","modified_gmt":"2019-11-07T20:58:05","slug":"partnernetzwerk","status":"publish","type":"page","link":"https:\/\/www.solupro.ch\/de\/partnernetzwerk\/","title":{"rendered":"Partnernetzwerk"},"content":{"rendered":"<p><img loading=\"lazy\" decoding=\"async\" class=\"size-medium wp-image-802 alignright\" src=\"https:\/\/www.solupro.ch\/wp-content\/uploads\/sites\/4\/2013\/04\/partners-300x132.jpg\" alt=\"\" width=\"300\" height=\"132\" srcset=\"https:\/\/www.solupro.ch\/wp-content\/uploads\/sites\/4\/2013\/04\/partners-300x132.jpg 300w, https:\/\/www.solupro.ch\/wp-content\/uploads\/sites\/4\/2013\/04\/partners-1024x453.jpg 1024w, https:\/\/www.solupro.ch\/wp-content\/uploads\/sites\/4\/2013\/04\/partners.jpg 1038w\" sizes=\"auto, (max-width: 300px) 100vw, 300px\" \/><br>Das ausgedehnte Netzwerk an professionellen Kontakten erg\u00e4nzt Solupro durch ein Netzwerk von Partner-Organisationen f\u00fcr dedizierte und spezialisierte Aufgaben. Unter anderem mit folgenden Partnern existiert eine Zusammenarbeit.<\/p>\n<p><\/p>\n\n\n<figure class=\"wp-block-table partner-table\"><table><tbody><tr><td><img loading=\"lazy\" decoding=\"async\" width=\"150\" height=\"41\" class=\"wp-image-849\" style=\"width: 150px;\" src=\"https:\/\/www.solupro.ch\/wp-content\/uploads\/sites\/4\/2013\/04\/partner-fhsg.jpg\" alt=\"\" srcset=\"https:\/\/www.solupro.ch\/wp-content\/uploads\/sites\/4\/2013\/04\/partner-fhsg.jpg 235w, https:\/\/www.solupro.ch\/wp-content\/uploads\/sites\/4\/2013\/04\/partner-fhsg-230x65.jpg 230w\" sizes=\"auto, (max-width: 150px) 100vw, 150px\" \/><\/td><td>Prof. Dr. Lukas Schmid<br>Leiter Institut IDEE-FHS<br><br><strong>FHS St.Gallen, Hochschule f\u00fcr Angewandte Wissenschaften<br><\/strong>Institut f\u00fcr Innovation, Design und Engineering IDEE-FHS<br>Rosenbergstrasse 59<br>Postfach<br>9001 St.Gallen<br>Switzerland<br><br><a href=\"http:\/\/www.fhsg.ch\/idee\">http:\/\/www.fhsg.ch\/idee<\/a><\/td><\/tr><tr><td><img loading=\"lazy\" decoding=\"async\" width=\"150\" height=\"28\" class=\"wp-image-870\" style=\"width: 150px;\" src=\"https:\/\/www.solupro.ch\/wp-content\/uploads\/sites\/4\/2013\/04\/partner-lom.png\" alt=\"\" srcset=\"https:\/\/www.solupro.ch\/wp-content\/uploads\/sites\/4\/2013\/04\/partner-lom.png 237w, https:\/\/www.solupro.ch\/wp-content\/uploads\/sites\/4\/2013\/04\/partner-lom-230x45.png 230w\" sizes=\"auto, (max-width: 150px) 100vw, 150px\" \/><\/td><td><strong>LOM GmbH &#8211; Labor f\u00fcr Oberfl\u00e4chen und Materialien<br><\/strong>B\u00fcrerfeld 2<br>9245 Oberb\u00fcren<br>Switzerland \u00a0<br><br><a href=\"http:\/\/www.l-o-m.ch\">http:\/\/www.l-o-m.ch<\/a><\/td><\/tr><tr><td><img loading=\"lazy\" decoding=\"async\" width=\"150\" height=\"48\" class=\"wp-image-825\" style=\"width: 150px;\" src=\"https:\/\/www.solupro.ch\/wp-content\/uploads\/sites\/4\/2013\/04\/haasprojektconsulting.png\" alt=\"\"><\/td><td><strong>Haas ProjektConsulting<br><\/strong>Unterriedstrasse 7b<br>5452 Oberrohrdorf<br>Switzerland &nbsp;<br><br><a href=\"http:\/\/www.projektconsulting.ch\">http:\/\/www.projektconsulting.ch<\/a><\/td><\/tr><tr><td><img loading=\"lazy\" decoding=\"async\" width=\"150\" height=\"35\" class=\"wp-image-1014\" style=\"width: 150px;\" src=\"https:\/\/www.solupro.ch\/wp-content\/uploads\/sites\/4\/2018\/12\/partner-wbi.png\" alt=\"\" srcset=\"https:\/\/www.solupro.ch\/wp-content\/uploads\/sites\/4\/2018\/12\/partner-wbi.png 235w, https:\/\/www.solupro.ch\/wp-content\/uploads\/sites\/4\/2018\/12\/partner-wbi-230x55.png 230w\" sizes=\"auto, (max-width: 150px) 100vw, 150px\" \/><\/td><td><strong>WBI Wissensmanagement<br><\/strong>Meusburger Guntram GmbH<br>Kesselstr. 42<br>6960 Wolfurt<br>Austria &nbsp;<br><br><a href=\"https:\/\/www.wbi-wissensmanagement.com\">https:\/\/www.wbi-wissensmanagement.com<\/a><\/td><\/tr><tr><td><img loading=\"lazy\" decoding=\"async\" width=\"150\" height=\"72\" class=\"wp-image-1215\" style=\"width: 150px;\" src=\"https:\/\/www.solupro.ch\/wp-content\/uploads\/sites\/4\/2019\/11\/partner-imnoo.jpg\" alt=\"\" srcset=\"https:\/\/www.solupro.ch\/wp-content\/uploads\/sites\/4\/2019\/11\/partner-imnoo.jpg 443w, https:\/\/www.solupro.ch\/wp-content\/uploads\/sites\/4\/2019\/11\/partner-imnoo-300x145.jpg 300w\" sizes=\"auto, (max-width: 150px) 100vw, 150px\" \/><\/td><td><strong>Imnoo AG<\/strong> &#8211; Fr\u00e4s- und Drehteile in Sekunden kalkulieren<br>Jonas Albergatti<br>Gesch\u00e4ftsleiter | CEO<br><br>S\u00e4gereistrasse 25<br>8152 Glattbrugg<br>Switzerland<br><br><a href=\"http:\/\/www.imnoo.com?utm_source=website_solupro&amp;utm_medium=link&amp;utm_campaign=solupro_gmbh\">https:\/\/www.imnoo.com<\/a><\/td><\/tr><\/tbody><\/table><\/figure>\n","protected":false},"excerpt":{"rendered":"<p>Das ausgedehnte Netzwerk an professionellen Kontakten erg\u00e4nzt Solupro durch ein Netzwerk von Partner-Organisationen f\u00fcr dedizierte und spezialisierte Aufgaben. Unter anderem mit folgenden Partnern existiert eine Zusammenarbeit.<\/p>\n","protected":false},"author":3,"featured_media":0,"parent":0,"menu_order":0,"comment_status":"closed","ping_status":"closed","template":"","meta":{"_locale":"de_DE","_original_post":"797","footnotes":""},"class_list":{"0":"post-797","1":"page","2":"type-page","3":"status-publish","5":"de-DE"},"_links":{"self":[{"href":"https:\/\/www.solupro.ch\/wp-json\/wp\/v2\/pages\/797","targetHints":{"allow":["GET"]}}],"collection":[{"href":"https:\/\/www.solupro.ch\/wp-json\/wp\/v2\/pages"}],"about":[{"href":"https:\/\/www.solupro.ch\/wp-json\/wp\/v2\/types\/page"}],"author":[{"embeddable":true,"href":"https:\/\/www.solupro.ch\/wp-json\/wp\/v2\/users\/3"}],"replies":[{"embeddable":true,"href":"https:\/\/www.solupro.ch\/wp-json\/wp\/v2\/comments?post=797"}],"version-history":[{"count":26,"href":"https:\/\/www.solupro.ch\/wp-json\/wp\/v2\/pages\/797\/revisions"}],"predecessor-version":[{"id":1228,"href":"https:\/\/www.solupro.ch\/wp-json\/wp\/v2\/pages\/797\/revisions\/1228"}],"wp:attachment":[{"href":"https:\/\/www.solupro.ch\/wp-json\/wp\/v2\/media?parent=797"}],"curies":[{"name":"wp","href":"https:\/\/api.w.org\/{rel}","templated":true}]}}