{"id":895,"date":"2013-08-12T20:49:45","date_gmt":"2013-08-12T19:49:45","guid":{"rendered":"http:\/\/wp.newvibes.ch\/solupro\/?page_id=895"},"modified":"2023-08-21T21:38:36","modified_gmt":"2023-08-21T20:38:36","slug":"data-protection","status":"publish","type":"page","link":"https:\/\/www.solupro.ch\/de\/uber-solupro\/data-protection\/","title":{"rendered":"Data Protection"},"content":{"rendered":"\n<p>Der Schutz der Privatsph\u00e4re der Nutzenden unserer Website ist uns ein wichtiges Anliegen. Unsere Inhalte lassen sich ohne Registrierung nutzen. Wir setzen jedoch branchen\u00fcbliche Technologien zur Messung und Verbesserung der Leistungen unserer Website ein und erheben zu diesem Zweck Daten. Teilweise arbeiten wir mit externen Dienstleistenden zusammen. Soweit wir (oder Dritte in unserem Auftrag) dabei Personendaten erheben und bearbeiten halten wir die Anforderungen des Schweizer Datenschutzgesetzes ein. Diese Datenschutzerkl\u00e4rung erl\u00e4utert, wie wir das tun.<\/p>\n\n\n\n<p><strong>1. WELCHE DATEN ERHEBEN WIR UND ZU WELCHEN ZWECKEN?<\/strong><\/p>\n\n\n\n<ul class=\"wp-block-list\">\n<li><strong>Besuch der Website&nbsp;<\/strong><br>Unsere Website l\u00e4sst sich auch ohne Preisgabe von Personendaten nutzen. Hingegen speichert der Server (Hosting in Deutschland) unserer Website tempor\u00e4r Informationen \u00fcber Zugriffe von Nutzenden. Informationen beinhalten die IP-Adresse, das Datum und die Uhrzeit des Zugriffs, den Namen und die URL der abgerufenen Datei, die Website, von der aus der Zugriff erfolgt (Referrer-URL), den verwendeten Browser, das Betriebssystem des verwendeten Rechners sowie den Namen des Access-Providers der Nutzenden. Diese Daten verwenden wir zur Sicherstellung eines reibungslosen Verbindungsaufbaus, der komfortablen Nutzung der Website, der Auswertung der Systemsicherheit und -stabilit\u00e4t sowie zu weiteren administrativen Zwecken.<\/li>\n\n\n\n<li><strong>Nutzung des Kontaktformulars&nbsp;<\/strong><br>Das Kontaktformular auf unserer Website bietet Ihnen die M\u00f6glichkeit, sich mit uns in Verbindung zu setzen. Zur Nutzung des Kontaktformulars ist die Eingabe Ihres Namens und Ihrer E-Mail-Adresse erforderlich. Die so erhobenen Personendaten werden innert 30 Tagen nach Erledigung Ihrer Anfrage gel\u00f6scht. Grundlage dieser Datenverarbeitung bildet Ihre Einwilligung.<\/li>\n<\/ul>\n\n\n\n<p><strong>2.&nbsp;WIE VERWENDEN WIR COOKIES AUF UNSERER WEBSITE?&nbsp;<\/strong><\/p>\n\n\n\n<p>Zur Optimierung unseres Angebots setzen wir auf unserer Website Cookies ein. Das sind Textdateien, die auf Ihrem Computer gespeichert werden und die Analyse der Benutzung unserer Webseite erm\u00f6glichen. Sie k\u00f6nnen Ihren Browser so konfigurieren, dass keine Cookies auf Ihrem Computer gespeichert werden oder stets ein Hinweis erscheint, bevor ein Cookie installiert wird. Eine vollst\u00e4ndige Deaktivierung von Cookies kann dazu f\u00fchren, dass die Website nicht oder nicht vollst\u00e4ndig funktioniert. Die durch Cookies verarbeiteten Daten sind f\u00fcr die genannten Zwecke zur Wahrung unserer berechtigten Interessen erforderlich.<\/p>\n\n\n\n<p><strong>3. WIE SETZEN WIR WEBANALYSE-TOOLS EIN?&nbsp;<\/strong><\/p>\n\n\n\n<p>Durch die im Folgenden aufgef\u00fchrten Massnahmen stellen wir die bedarfsgerechte Gestaltung und die fortlaufende Optimierung unserer Website sicher. Die Massnahmen erlauben uns eine statistische Erfassung und Auswertung der Nutzung unserer Website. Dabei handelt es sich um ein berechtigtes Interesse von uns. Wir setzen Google Analytics, einen Webanalysedienst der Google Inc. (Google), ein. Google Analytics verwendet Cookies um zu analysieren, wie Sie die Website benutzen. Die durch das Cookie erzeugten Informationen \u00fcber Ihre Benutzung der Website werden in der Regel an einen Server von Google in den USA \u00fcbertragen und dort gespeichert. Wir setzen Google Analytics nur mit aktivierter IP-Anonymisierung ein. Das bedeutet, dass Ihre IP-Adresse in der Schweiz, in der Europ\u00e4ischen Union oder im Europ\u00e4ischen Wirtschaftsraum gek\u00fcrzt wird. Nur in Ausnahmef\u00e4llen wird die volle IP-Adresse an einen Server von Google in den USA \u00fcbertragen und dort gek\u00fcrzt. Google wird diese Informationen in unserem Auftrag benutzen, um Ihre Nutzung der Website auszuwerten, um Reports \u00fcber die Aktivit\u00e4ten der Nutzenden auf der Website und um weitere mit der Nutzung der Website und der Internetnutzung verbundene Dienstleistungen uns gegen\u00fcber zu erbringen. Auch wird Google diese Informationen gegebenenfalls an Dritte \u00fcbertragen, sofern dies gesetzlich vorgeschrieben ist oder soweit Dritte diese Daten im Auftrag von Google verarbeiten. Die von Ihrem Browser \u00fcbermittelte IP-Adresse wird nicht mit anderen Daten von Google zusammengef\u00fchrt. Sie k\u00f6nnen der Erhebung der Daten durch Google-Analytics mit Wirkung f\u00fcr die Zukunft widersprechen, indem Sie ein Deaktivierungs-Add-on (http:\/\/tools.google.com\/dlpage\/gaoptout?hl=de) f\u00fcr Ihren Browser installieren.<\/p>\n\n\n\n<p><strong>4. GEBEN WIR IHRE DATEN AN DRITTE WEITER?&nbsp;<\/strong><\/p>\n\n\n\n<p>Wir geben Ihre Personendaten nur dann an Dritte weiter, wenn Sie ausdr\u00fccklich einwilligen, wenn hierzu eine gesetzliche Verpflichtung oder Erlaubnis besteht, wenn die Weitergabe zur Geltendmachung, Aus\u00fcbung oder Verteidigung von Rechtsanspr\u00fcchen notwendig, oder wenn die Weitergabe von Daten f\u00fcr die Abwicklung von Vertragsverh\u00e4ltnissen mit Ihnen erforderlich ist.<\/p>\n\n\n\n<p><strong>5. WIE SICHER SIND IHRE DATEN?&nbsp;<\/strong><\/p>\n\n\n\n<p>Wir treffen technische und organisatorische Massnahmen, um Ihre Daten gegen Manipulationen, Verlust, Zerst\u00f6rung oder unbefugten Zugriff Dritter zu sch\u00fctzen. Beim Aufrufen unserer Website findet das SSL-Verschl\u00fcsselungsverfahren Anwendung.<\/p>\n\n\n\n<p><strong>6. WELCHE RECHTE HABEN SIE IN BEZUG AUF IHRE DATEN?&nbsp;<\/strong><\/p>\n\n\n\n<p>Sie haben das Recht auf Auskunft, Datenberichtigung, Datenl\u00f6schung, Einschr\u00e4nkung der Datenverarbeitung, Daten\u00fcbertragbarkeit, Widerruf Ihrer Einwilligung und Widerspruch. Sollten Sie der Ansicht sein, dass die Verarbeitung Ihrer Daten gegen das Datenschutzrecht verst\u00f6sst, k\u00f6nnen Sie dies bei uns oder bei der zust\u00e4ndigen Aufsichtsbeh\u00f6rde melden. Sie haben das Recht, der Verarbeitung Ihrer Daten zu widersprechen, wenn wir diese gest\u00fctzt auf unsere berechtigten Interessen oder zur Direktwerbung bearbeiten.<\/p>\n\n\n\n<p><strong>7. WIE K\u00d6NNEN WIR DIESE DATENSCHUTZERKL\u00c4RUNG \u00c4NDERN?&nbsp;<\/strong><\/p>\n\n\n\n<p>Wir behalten uns vor, diese Datenschutzerkl\u00e4rung jederzeit zu \u00e4ndern. \u00c4nderungen werden auf der Website publiziert. Letzte \u00dcberarbeitung August 2023.<\/p>\n\n\n\n<p><strong>8. WER IST F\u00dcR DIESE DATENVERARBEITUNG VERANTWORTLICH?&nbsp;<\/strong><\/p>\n\n\n\n<p>Verantwortlich f\u00fcr die Datenverarbeitung ist Solupro GmbH, Unterzil 22, 9245 Oberb\u00fcren.<\/p>\n","protected":false},"excerpt":{"rendered":"<p>Der Schutz der Privatsph\u00e4re der Nutzenden unserer Website ist uns ein wichtiges Anliegen. Unsere Inhalte lassen sich ohne Registrierung nutzen. Wir setzen jedoch branchen\u00fcbliche Technologien zur Messung und Verbesserung der Leistungen unserer Website ein und erheben zu diesem Zweck Daten. Teilweise arbeiten wir mit externen Dienstleistenden zusammen. Soweit wir (oder Dritte in unserem Auftrag) dabei &#8230; <a title=\"Data Protection\" class=\"read-more\" href=\"https:\/\/www.solupro.ch\/de\/uber-solupro\/data-protection\/\" aria-label=\"Mehr Informationen \u00fcber Data Protection\">Weiterlesen<\/a><\/p>\n","protected":false},"author":1,"featured_media":0,"parent":172,"menu_order":0,"comment_status":"closed","ping_status":"closed","template":"","meta":{"_locale":"de_DE","_original_post":"370","footnotes":""},"class_list":{"0":"post-895","1":"page","2":"type-page","3":"status-publish","5":"de-DE"},"_links":{"self":[{"href":"https:\/\/www.solupro.ch\/wp-json\/wp\/v2\/pages\/895","targetHints":{"allow":["GET"]}}],"collection":[{"href":"https:\/\/www.solupro.ch\/wp-json\/wp\/v2\/pages"}],"about":[{"href":"https:\/\/www.solupro.ch\/wp-json\/wp\/v2\/types\/page"}],"author":[{"embeddable":true,"href":"https:\/\/www.solupro.ch\/wp-json\/wp\/v2\/users\/1"}],"replies":[{"embeddable":true,"href":"https:\/\/www.solupro.ch\/wp-json\/wp\/v2\/comments?post=895"}],"version-history":[{"count":3,"href":"https:\/\/www.solupro.ch\/wp-json\/wp\/v2\/pages\/895\/revisions"}],"predecessor-version":[{"id":1248,"href":"https:\/\/www.solupro.ch\/wp-json\/wp\/v2\/pages\/895\/revisions\/1248"}],"up":[{"embeddable":true,"href":"https:\/\/www.solupro.ch\/wp-json\/wp\/v2\/pages\/172"}],"wp:attachment":[{"href":"https:\/\/www.solupro.ch\/wp-json\/wp\/v2\/media?parent=895"}],"curies":[{"name":"wp","href":"https:\/\/api.w.org\/{rel}","templated":true}]}}